{"id":669,"date":"2011-03-26T17:09:28","date_gmt":"2011-03-26T17:09:28","guid":{"rendered":"http:\/\/www.ateny.deon.pl\/?page_id=669"},"modified":"2021-10-12T09:32:39","modified_gmt":"2021-10-12T06:32:39","slug":"poslugujacy","status":"publish","type":"page","link":"https:\/\/ateny.jezuici.pl\/?page_id=669","title":{"rendered":"Pos\u0142uguj\u0105cy w parafii"},"content":{"rendered":"\n<div class=\"wp-block-image\"><figure class=\"alignleft size-large is-resized\"><img loading=\"lazy\" decoding=\"async\" src=\"https:\/\/ateny1.jezuici.pl.pl\/wp-content\/blogs.dir\/164\/files\/2021\/10\/o.-Marcin-973x1024.jpg\" alt=\"\" class=\"wp-image-8337\" width=\"180\" height=\"189\" srcset=\"https:\/\/ateny.jezuici.pl\/files\/2021\/10\/o.-Marcin-973x1024.jpg 973w, https:\/\/ateny.jezuici.pl\/files\/2021\/10\/o.-Marcin-285x300.jpg 285w, https:\/\/ateny.jezuici.pl\/files\/2021\/10\/o.-Marcin-768x808.jpg 768w, https:\/\/ateny.jezuici.pl\/files\/2021\/10\/o.-Marcin.jpg 1200w\" sizes=\"auto, (max-width: 180px) 100vw, 180px\" \/><\/figure><\/div>\n\n\n\n<div class=\"wp-block-group\"><div class=\"wp-block-group__inner-container is-layout-flow wp-block-group-is-layout-flow\">\n<p>\u00a0<\/p>\n<p>\u00a0<\/p>\n<p>\u00a0<\/p>\n<p>\u00a0<\/p>\n<p>\u00a0<\/p>\n<p><strong><span style=\"color: #ff6600;\">O. Marcin Baran SJ<\/span><\/strong>\u00a0 Do Towarzystwa Jezusowego wst\u0105pi\u0142 w 1994r. \u015awi\u0119cenia kap\u0142a\u0144skie przyj\u0105\u0142 w 2005 r.\u00a0 Studiowa\u0142 w Krakowie, Rzymie i Monachium.\u00a0 Doktor filozofii. Wyk\u0142ada\u0142 etyk\u0119 i filozofi\u0119 polityczn\u0105 na Akademii \u201eIgnatianum\u201d w Krakowie. Rekolekcjonista i kierownik duchowy.\u00a0<\/p>\n<hr \/>\n<p>\u00a0<\/p>\n<\/div><\/div>\n\n\n\n<div class=\"wp-block-group\"><div class=\"wp-block-group__inner-container is-layout-flow wp-block-group-is-layout-flow\">\n<p><a href=\"https:\/\/ateny1.jezuici.pl.pl\/wp-content\/blogs.dir\/164\/files\/2011\/03\/s.-Katarzyna.jpg\"><img loading=\"lazy\" decoding=\"async\" class=\"size-full wp-image-848 alignleft\" src=\"https:\/\/ateny1.jezuici.pl.pl\/wp-content\/blogs.dir\/164\/files\/2011\/03\/s.-Katarzyna.jpg\" alt=\"\" width=\"133\" height=\"200\"><\/a><\/p>\n<p>&nbsp;<\/p>\n<p>&nbsp;<\/p>\n<p><span style=\"color: #ff8c00;\"><strong>s. Katarzyna Dara\u017c MChR<\/strong><\/span> (katechetka), wst\u0105pi\u0142a do Zgromadzenia Si\u00f3str Misjonarek Chrystusa Kr\u00f3la dla Polonii Zagranicznej w 1996 roku.&nbsp;Pierwsze do\u015bwiadczenie jako katechetka zdoby\u0142a w pracy z dzie\u0107mi ze Szko\u0142y Specjalnej w Goleniowie (1999-2002). Przez nast\u0119pne 3 lata pracowa\u0142a jako nauczycielka religii w szko\u0142ach podstawowych i przedszkolach we W\u0142adys\u0142awowie i w Poznaniu. W 2004 roku z\u0142o\u017cy\u0142a profesj\u0119 wieczyst\u0105. W kolejnym roku prowadzi\u0142a \u015bwietlic\u0119 parafialn\u0105 w Poznaniu.&nbsp;W roku szkolnym 2006\/2007 katechizowa\u0142a uczni\u00f3w w Gimnazjum w Suchym Lesie. W mi\u0119dzy czasie uko\u0144czy\u0142a studia teologiczne w Poznaniu. Nast\u0119pnie przez 2 lata przebywa\u0142a w Bolonii (W\u0142ochy) w\u015br\u00f3d Polonii W\u0142oskiej pomagaj\u0105c w duszpasterstwie Polonijnym. Od wrze\u015bnia 2009 roku pos\u0142uguje w parafii Chrystusa Zbawiciela w Atenach.<a href=\"http:\/\/www.mchr.pl\/\">www.mchr.pl<\/a><\/p>\n<\/div><\/div>\n\n\n<hr>\n<hr>\n\n","protected":false},"excerpt":{"rendered":"","protected":false},"author":228,"featured_media":0,"parent":233,"menu_order":8,"comment_status":"closed","ping_status":"closed","template":"onecolumn-page.php","meta":{"ngg_post_thumbnail":0,"footnotes":""},"class_list":["post-669","page","type-page","status-publish","hentry"],"aioseo_notices":[],"_links":{"self":[{"href":"https:\/\/ateny.jezuici.pl\/index.php?rest_route=\/wp\/v2\/pages\/669","targetHints":{"allow":["GET"]}}],"collection":[{"href":"https:\/\/ateny.jezuici.pl\/index.php?rest_route=\/wp\/v2\/pages"}],"about":[{"href":"https:\/\/ateny.jezuici.pl\/index.php?rest_route=\/wp\/v2\/types\/page"}],"author":[{"embeddable":true,"href":"https:\/\/ateny.jezuici.pl\/index.php?rest_route=\/wp\/v2\/users\/228"}],"replies":[{"embeddable":true,"href":"https:\/\/ateny.jezuici.pl\/index.php?rest_route=%2Fwp%2Fv2%2Fcomments&post=669"}],"version-history":[{"count":19,"href":"https:\/\/ateny.jezuici.pl\/index.php?rest_route=\/wp\/v2\/pages\/669\/revisions"}],"predecessor-version":[{"id":8344,"href":"https:\/\/ateny.jezuici.pl\/index.php?rest_route=\/wp\/v2\/pages\/669\/revisions\/8344"}],"up":[{"embeddable":true,"href":"https:\/\/ateny.jezuici.pl\/index.php?rest_route=\/wp\/v2\/pages\/233"}],"wp:attachment":[{"href":"https:\/\/ateny.jezuici.pl\/index.php?rest_route=%2Fwp%2Fv2%2Fmedia&parent=669"}],"curies":[{"name":"wp","href":"https:\/\/api.w.org\/{rel}","templated":true}]}}