{"id":51,"date":"2011-03-17T15:06:13","date_gmt":"2011-03-17T15:06:13","guid":{"rendered":"http:\/\/www.ateny.deon.pl\/?page_id=51"},"modified":"2012-09-15T12:24:17","modified_gmt":"2012-09-15T12:24:17","slug":"al-anon","status":"publish","type":"page","link":"https:\/\/ateny.jezuici.pl\/?page_id=51","title":{"rendered":"Al-Anon"},"content":{"rendered":"<p><span style=\"font-family:verdana,geneva,sans-serif;\"><span style=\"color: rgb(255, 153, 0);\"><strong>GRUPY&nbsp; RODZINNE&nbsp; AL-ANON<\/strong><\/span><strong> <\/strong><br \/>\n\t<\/span><\/p>\n<p><span style=\"font-family:verdana,geneva,sans-serif;\">NADZIEJA&nbsp; DLA&nbsp; KREWNYCH&nbsp; I&nbsp; PRZYJACI&Oacute;\u0141&nbsp; ALKOHOLIK&Oacute;W <\/span><\/p>\n<p><span style=\"font-family:verdana,geneva,sans-serif;\">Je\u017celi masz kochan\u0105 osob\u0119, kt&oacute;rej picie powoduje powa\u017cne problemy, b\u0119dziesz serdecznie witany na naszych spotkaniach. Nie mamy powi\u0105za\u0144 z \u017cadnym wyznaniem wiary, nie mamy \u017cadnych zobowi\u0105za\u0144 prawnych, sk\u0142adek ani wpisowego.<br \/>\n\tDzielimy si\u0119 wzajemnie naszym do\u015bwiadczeniem, si\u0142\u0105 i nadziej\u0105. Tw&oacute;j post\u0119p mo\u017ce si\u0119 dokona\u0107 wed\u0142ug twojego w\u0142asnego sposobu i tobie w\u0142a\u015bciwego tempa. My tylko zach\u0119camy, aby\u015b wzi\u0105\u0142 udzia\u0142 w naszej wsp&oacute;lnej sprawie.<br \/>\n\t<\/span><\/p>\n<p><span style=\"font-family:verdana,geneva,sans-serif;\"><strong><span style=\"color: rgb(255, 153, 0);\">Grupa Al-Anon &bdquo;Elpida&quot;<\/span> <\/strong><br \/>\n\t<\/span><\/p>\n<p><span style=\"font-family:verdana,geneva,sans-serif;\">spotkania we wtorki, godz. 20:00, ul. Michail Voda 28 (wej\u015bcie z ty\u0142u KEO) <br \/>\n\t<\/span><\/p>\n<p><span style=\"font-family:verdana,geneva,sans-serif;\"><span style=\"color: rgb(255, 153, 0);\"><strong>Anna<\/strong><\/span> &#8211; <\/span><strong><span style=\"font-family:verdana,geneva,sans-serif;\">699. 3061. 120<\/span><\/strong><\/p>\n<p><span style=\"font-family:verdana,geneva,sans-serif;\"><span style=\"color: rgb(255, 153, 0);\"><strong>Ula<\/strong><\/span> &#8211; <strong>694. 2940. 121<\/strong> <\/span><\/p>\n<p><span style=\"font-family:verdana,geneva,sans-serif;\"><strong><a href=\"http:\/\/www.al-anon.org.pl\" target=\"_blank\">www.al-anon.org.pl<br \/>\n\t<\/a><\/strong><\/span><\/p>\n","protected":false},"excerpt":{"rendered":"<p>GRUPY&nbsp; RODZINNE&nbsp; AL-ANON NADZIEJA&nbsp; DLA&nbsp; KREWNYCH&nbsp; I&nbsp; PRZYJACI&Oacute;\u0141&nbsp; ALKOHOLIK&Oacute;W Je\u017celi masz kochan\u0105 osob\u0119, kt&oacute;rej picie powoduje powa\u017cne problemy, b\u0119dziesz serdecznie witany na naszych spotkaniach. Nie mamy powi\u0105za\u0144 z \u017cadnym wyznaniem wiary, nie mamy \u017cadnych zobowi\u0105za\u0144 prawnych, sk\u0142adek ani wpisowego. Dzielimy si\u0119 wzajemnie naszym do\u015bwiadczeniem, si\u0142\u0105 i nadziej\u0105. Tw&oacute;j post\u0119p mo\u017ce si\u0119 dokona\u0107 wed\u0142ug twojego w\u0142asnego [&hellip;]<\/p>\n","protected":false},"author":228,"featured_media":0,"parent":2,"menu_order":12,"comment_status":"closed","ping_status":"closed","template":"onecolumn-page.php","meta":{"ngg_post_thumbnail":0,"footnotes":""},"class_list":["post-51","page","type-page","status-publish","hentry"],"aioseo_notices":[],"_links":{"self":[{"href":"https:\/\/ateny.jezuici.pl\/index.php?rest_route=\/wp\/v2\/pages\/51","targetHints":{"allow":["GET"]}}],"collection":[{"href":"https:\/\/ateny.jezuici.pl\/index.php?rest_route=\/wp\/v2\/pages"}],"about":[{"href":"https:\/\/ateny.jezuici.pl\/index.php?rest_route=\/wp\/v2\/types\/page"}],"author":[{"embeddable":true,"href":"https:\/\/ateny.jezuici.pl\/index.php?rest_route=\/wp\/v2\/users\/228"}],"replies":[{"embeddable":true,"href":"https:\/\/ateny.jezuici.pl\/index.php?rest_route=%2Fwp%2Fv2%2Fcomments&post=51"}],"version-history":[{"count":0,"href":"https:\/\/ateny.jezuici.pl\/index.php?rest_route=\/wp\/v2\/pages\/51\/revisions"}],"up":[{"embeddable":true,"href":"https:\/\/ateny.jezuici.pl\/index.php?rest_route=\/wp\/v2\/pages\/2"}],"wp:attachment":[{"href":"https:\/\/ateny.jezuici.pl\/index.php?rest_route=%2Fwp%2Fv2%2Fmedia&parent=51"}],"curies":[{"name":"wp","href":"https:\/\/api.w.org\/{rel}","templated":true}]}}