{"id":47,"date":"2011-03-17T15:05:33","date_gmt":"2011-03-17T15:05:33","guid":{"rendered":"http:\/\/www.ateny.deon.pl\/?page_id=47"},"modified":"2014-12-17T15:02:21","modified_gmt":"2014-12-17T15:02:21","slug":"aa","status":"publish","type":"page","link":"https:\/\/ateny.jezuici.pl\/?page_id=47","title":{"rendered":"AA"},"content":{"rendered":"<p><strong><span style=\"color: #ffa500;\">Grupa <\/span><span style=\"color: #ff9900;\"><span style=\"color: #ffa500;\">AA \u201eKrokus&#8221;<\/span>\u00a0\u00a0 <a href=\"https:\/\/ateny.jezuici.pl\/files\/2011\/03\/krokus.gif\"><img loading=\"lazy\" decoding=\"async\" class=\"alignright size-full wp-image-307\" title=\"krokus\" src=\"https:\/\/ateny.jezuici.pl\/files\/2011\/03\/krokus.gif\" alt=\"\" width=\"198\" height=\"296\" \/><\/a> <\/span><\/strong> spotkania odbywaj\u0105 si\u0119 we <span style=\"color: #ff9900;\"><strong>wtorki i czwartki<\/strong><\/span>, godz. <span style=\"color: #ff9900;\"><strong>20:00<\/strong><\/span>, ul. Alkiviadou 23. Mityng otwarty dla wszystkich zainteresowanych w ostatni czwartek miesi\u0105ca.<\/p>\n<p>Potrzebujesz pomocy? Zadzwo\u0144!<\/p>\n<table border=\"1\" cellspacing=\"0\" cellpadding=\"0\">\n<tbody>\n<tr>\n<td valign=\"top\" width=\"65\"><span style=\"color: #ff9900;\"><strong>Andrzej<\/strong><\/span><\/td>\n<td style=\"text-align: right;\" valign=\"top\" width=\"226\"><strong>695. 7453. 559<br \/>\n<\/strong><\/td>\n<\/tr>\n<tr>\n<td valign=\"top\" width=\"65\"><\/td>\n<td style=\"text-align: right;\" valign=\"top\" width=\"226\"><\/td>\n<\/tr>\n<tr>\n<td valign=\"top\" width=\"65\"><span style=\"color: #ff9900;\"><strong>Anna<\/strong><\/span><\/td>\n<td style=\"text-align: right;\" valign=\"top\" width=\"226\"><strong>697. 9505. 150<\/strong><\/td>\n<\/tr>\n<tr>\n<td valign=\"top\" width=\"65\"><span style=\"color: #ff9900;\"><strong>Ewa<\/strong><\/span><\/td>\n<td style=\"text-align: right;\" valign=\"top\" width=\"226\"><strong>693. 8979. 683<\/strong><\/td>\n<\/tr>\n<\/tbody>\n<\/table>\n<p>&nbsp;<\/p>\n<p><a href=\"http:\/\/www.anonimowi-alkoholicy.org.pl\"><span style=\"font-size: 18px;\"><span style=\"font-family: verdana,geneva,sans-serif;\"><strong>www.anonimowi-alkoholicy.org.pl<br \/>\n<\/strong><\/span><\/span><\/a><\/p>\n<p style=\"text-align: justify;\">\n<p style=\"text-align: justify;\"><span style=\"font-size: 18px;\"><span style=\"font-family: verdana,geneva,sans-serif;\"><span style=\"color: #ffa500;\"><strong>KIM JESTE\u015aMY<\/strong><\/span><br \/>\n<\/span><\/span><\/p>\n<p style=\"text-align: justify;\"><span style=\"font-size: 18px;\"><span style=\"font-family: verdana,geneva,sans-serif;\">My, uczestnicy AA &#8211; zar\u00f3wno m\u0119\u017cczy\u017ani, jak i kobiety &#8211; jeste\u015bmy lud\u017ami, kt\u00f3rzy przekonali si\u0119 i przyznali, \u017ce nie panuj\u0105 nad alkoholem. Dowiedzieli\u015bmy si\u0119, \u017ce musimy \u017cy\u0107 bez niego, je\u017celi chcemy unikn\u0105\u0107 katastrofy w \u017cyciu naszym i naszych bliskich.<\/span><\/span><\/p>\n<p>Jeste\u015bmy cz\u0119\u015bci\u0105 nieformalnej mi\u0119dzynarodowej wsp\u00f3lnoty, dzia\u0142aj\u0105cej obecnie w ponad 160 krajach, na kt\u00f3r\u0105 sk\u0142adaj\u0105 si\u0119 tysi\u0105ce grup w lokalnych spo\u0142eczno\u015bciach. Mamy tylko jeden zasadniczy cel: utrzyma\u0107 w\u0142asn\u0105 trze\u017awo\u015b\u0107 i pomaga\u0107 tym, kt\u00f3rzy zwracaj\u0105 si\u0119 do nas o pomoc w osi\u0105gni\u0119ciu trze\u017awo\u015bci.<\/p>\n<p>Nie jeste\u015bmy reformatorami; nie jeste\u015bmy zwi\u0105zani z \u017cadn\u0105 grup\u0105 interesu, nie propagujemy ani nie zwalczamy \u017cadnych racji, nie jeste\u015bmy przypisani do \u017cadnego wyznania religijnego. Nie zamierzamy zaprowadzi\u0107 abstynencji na ca\u0142ym \u015bwiecie. Nie werbujemy nowych cz\u0142onk\u00f3w, ale nowicjusze s\u0105 w naszej wsp\u00f3lnocie zawsze mile widziani. Nie narzucamy innym naszych do\u015bwiadcze\u0144 zwi\u0105zanych z piciem, ale ch\u0119tnie si\u0119 nimi dzielimy, gdy kto\u015b nas o to poprosi.<\/p>\n<p>W\u015br\u00f3d uczestnik\u00f3w AA znajduj\u0105 si\u0119 ludzie w bardzo r\u00f3\u017cnym wieku, o r\u00f3\u017cnym statusie spo\u0142ecznym, ekonomicznym i kulturowym. Niekt\u00f3rzy z nas pili przez wiele d\u0142ugich lat, zanim zrozumieli, \u017ce nie radz\u0105 sobie z alkoholem. Inni mieli na tyle szcz\u0119\u015bcia, by ju\u017c w pocz\u0105tkach swojej pijackiej kariery zorientowa\u0107 si\u0119, \u017ce alkohol wymkn\u0105\u0142 im si\u0119 spod kontroli.<\/p>\n<p>R\u00f3\u017cnorodne by\u0142y tak\u017ce skutki naszego picia. Wielu z nas zamieni\u0142o si\u0119 w ludzkie wraki, zanim poprosili\u015bmy o pomoc w AA. Niekt\u00f3rzy stracili rodzin\u0119, maj\u0105tek i godno\u015b\u0107. Staczali\u015bmy si\u0119 do rynsztoka w r\u00f3\u017cnych miejscach. Cz\u0119\u015b\u0107 z nas w k\u00f3\u0142ko l\u0105dowa\u0142a w szpitalu lub powraca\u0142a za mury wi\u0119zienia. Dopuszczali\u015bmy si\u0119 powa\u017cnych wykrocze\u0144 &#8211; przeciw spo\u0142ecze\u0144stwu, przeciw swoim rodzinom i pracodawcom, a nawet przeciw samym sobie.<\/p>\n<p>Ale s\u0105 w\u015br\u00f3d nas i tacy, kt\u00f3rzy nigdy nie trafili do szpitala czy wi\u0119zienia ani nie stracili przez picie swojej pracy lub rodziny. W pewnym momencie jednak\u017ce dotarli\u015bmy wreszcie do punktu, w kt\u00f3rym u\u015bwiadomili\u015bmy sobie, \u017ce alkohol przeszkadza nam normalnie \u017cy\u0107. Kiedy za\u015b odkryli\u015bmy, \u017ce nie umiemy \u017cy\u0107 bez niego, my r\u00f3wnie\u017c poszukali\u015bmy pomocy w AA.<\/p>\n<p>W naszych szeregach s\u0105 przedstawiciele wszystkich najwa\u017cniejszych wyzna\u0144, a wielu przyw\u00f3dc\u00f3w religijnych popiera\u0142o i wspiera rozw\u00f3j naszej wsp\u00f3lnoty. Ale s\u0105 tak\u017ce po\u015br\u00f3d nas atei\u015bci i agnostycy. Przypisanie do jakiej\u015b konkretnej, uznanej religii nie jest bowiem warunkiem uczestnictwa.<\/p>\n<p>Jednoczy nas \u0142\u0105cz\u0105cy nas wszystkich problem &#8211; alkohol. Wsp\u00f3lnie si\u0119 spotykaj\u0105c, rozmawiaj\u0105c i pomagaj\u0105c innym alkoholikom jeste\u015bmy w stanie zachowa\u0107 trze\u017awo\u015b\u0107 i uwolni\u0107 si\u0119 od przymusu picia, kt\u00f3ry kiedy\u015b by\u0142 dominuj\u0105c\u0105 si\u0142\u0105 w naszym \u017cyciu.<\/p>\n<p>Nie uwa\u017camy siebie za jedynych, kt\u00f3rzy znaj\u0105 spos\u00f3b na rozwi\u0105zanie problemu alkoholowego. Wiemy jednak, \u017ce program AA dzia\u0142a w odniesieniu do nas i na w\u0142asne oczy widzieli\u015bmy, jak pom\u00f3g\u0142 on niemal wszystkim bez wyj\u0105tku nowicjuszom, kt\u00f3rzy uczciwie i szczerze pragn\u0119li zaprzesta\u0107 picia.<\/p>\n<p>Dzi\u0119ki AA dowiedzieli\u015bmy si\u0119 sporo o sobie i o alkoholizmie. Wiedz\u0119 t\u0119 przez ca\u0142y czas od\u015bwie\u017camy, gdy\u017c wydaje si\u0119 ona kluczem do naszej trze\u017awo\u015bci. A dla nas trze\u017awo\u015b\u0107 zawsze musi by\u0107 najwa\u017cniejsza.<\/p>\n","protected":false},"excerpt":{"rendered":"<p>Grupa AA \u201eKrokus&#8221;\u00a0\u00a0 spotkania odbywaj\u0105 si\u0119 we wtorki i czwartki, godz. 20:00, ul. Alkiviadou 23. Mityng otwarty dla wszystkich zainteresowanych w ostatni czwartek miesi\u0105ca. Potrzebujesz pomocy? Zadzwo\u0144! Andrzej 695. 7453. 559 Anna 697. 9505. 150 Ewa 693. 8979. 683 &nbsp; www.anonimowi-alkoholicy.org.pl KIM JESTE\u015aMY My, uczestnicy AA &#8211; zar\u00f3wno m\u0119\u017cczy\u017ani, jak i kobiety &#8211; jeste\u015bmy lud\u017ami, [&hellip;]<\/p>\n","protected":false},"author":228,"featured_media":0,"parent":2,"menu_order":11,"comment_status":"closed","ping_status":"closed","template":"onecolumn-page.php","meta":{"ngg_post_thumbnail":0,"footnotes":""},"class_list":["post-47","page","type-page","status-publish","hentry"],"aioseo_notices":[],"_links":{"self":[{"href":"https:\/\/ateny.jezuici.pl\/index.php?rest_route=\/wp\/v2\/pages\/47","targetHints":{"allow":["GET"]}}],"collection":[{"href":"https:\/\/ateny.jezuici.pl\/index.php?rest_route=\/wp\/v2\/pages"}],"about":[{"href":"https:\/\/ateny.jezuici.pl\/index.php?rest_route=\/wp\/v2\/types\/page"}],"author":[{"embeddable":true,"href":"https:\/\/ateny.jezuici.pl\/index.php?rest_route=\/wp\/v2\/users\/228"}],"replies":[{"embeddable":true,"href":"https:\/\/ateny.jezuici.pl\/index.php?rest_route=%2Fwp%2Fv2%2Fcomments&post=47"}],"version-history":[{"count":0,"href":"https:\/\/ateny.jezuici.pl\/index.php?rest_route=\/wp\/v2\/pages\/47\/revisions"}],"up":[{"embeddable":true,"href":"https:\/\/ateny.jezuici.pl\/index.php?rest_route=\/wp\/v2\/pages\/2"}],"wp:attachment":[{"href":"https:\/\/ateny.jezuici.pl\/index.php?rest_route=%2Fwp%2Fv2%2Fmedia&parent=47"}],"curies":[{"name":"wp","href":"https:\/\/api.w.org\/{rel}","templated":true}]}}