{"id":4267,"date":"2012-10-04T03:04:04","date_gmt":"2012-10-04T03:04:04","guid":{"rendered":"http:\/\/www.ateny.deon.pl\/?page_id=4267"},"modified":"2012-10-30T11:39:07","modified_gmt":"2012-10-30T11:39:07","slug":"oaza-dzieci-bozych-2005","status":"publish","type":"page","link":"https:\/\/ateny.jezuici.pl\/?page_id=4267","title":{"rendered":"Oaza Dzieci Bo\u017cych 2005"},"content":{"rendered":"<p style=\"text-align: justify;\"><span style=\"font-size:14px;\"><em>Artyku\u0142 siostry Ludmi\u0142y zamieszczony w 2008 roku na stronie&nbsp; <\/em><\/span><span style=\"font-size:14px;\"><em><a href=\"http:\/\/www.osu.pl\/older\/ateny_oaza.html\"><span style=\"font-size:14px;\"><em>Urszulanek Unii Rzymskiej<\/em><\/span><\/a><\/em><\/span><\/p>\n<p style=\"text-align: center;\"><strong><code><br \/>\n\t<\/code><\/strong><\/p>\n<p>[wowslider id=&#8221;9&#8243;]<\/p>\n<p style=\"text-align: justify;\"><span style=\"font-size:18px;\">Parafia Chrystusa Zbawiciela ksi\u0119\u017cy Jezuit&oacute;w w&nbsp;Atenach jest \u017cyw\u0105 wsp&oacute;lnot\u0105, w kt&oacute;rej ka\u017cdy mo\u017ce znale\u017a\u0107 dla siebie miejsce. Liczne i r&oacute;\u017cnorodne grupy stoj\u0105 otworem przed wszystkimi&#8230; doros\u0142ymi. Dzieci mog\u0142y nale\u017ce\u0107 albo do scholi albo do liturgicznej s\u0142u\u017cby o\u0142tarza. To nie za du\u017cy wyb&oacute;r, wi\u0119c zrodzi\u0142 si\u0119 we mnie pomys\u0142, by za\u0142o\u017cy\u0107 jak\u0105\u015b grup\u0119 dzieci\u0119c\u0105. Koordynator parafii &#8211; o. Jacek Paluchniak &#8211; zaproponowa\u0142, by by\u0142a to Oaza.<\/span><\/p>\n<p style=\"text-align: justify;\"><span style=\"font-size:18px;\">W listopadzie 2005 roku odby\u0142o si\u0119 pierwsze spotkanie dla dzieci z klas IV-VI. Zg\u0142osi\u0142o si\u0119 12 dziewczynek, kt&oacute;re dobrze poczu\u0142y si\u0119 w Ruchu, bo przyprowadzi\u0142y 3 nast\u0119pne i tak wytrwa\u0142y do ko\u0144ca roku szkolnego.<\/span><\/p>\n<p style=\"text-align: justify;\"><span style=\"font-size:18px;\">Z pro\u015bb\u0105 o materia\u0142y formacyjne zwr&oacute;ci\u0142am si\u0119 do Centrum Ruchu \u015awiat\u0142o-\u017bycie w&nbsp;Kro\u015bcienku. Sama jako dziecko nale\u017ca\u0142am do Oazy Dzieci Bo\u017cych i nie przypuszcza\u0142am, \u017ce Ruch nie posiada wypracowanych og&oacute;lnopolskich materia\u0142&oacute;w dla tego etapu formacji. Z moj\u0105 pro\u015bb\u0105 odes\u0142ano mnie do ks. Antoniego Dewora &#8211; kap\u0142ana z diecezji bielsko-\u017cywieckiej, kt&oacute;ry na szcz\u0119\u015bcie m&oacute;g\u0142 mi pom&oacute;c.<\/span><\/p>\n<p style=\"text-align: justify;\"><span style=\"font-size:18px;\">Pierwsza grupa ODB spotyka\u0142a si\u0119 co pi\u0105tek na spotkaniach formacyjnych i co jaki\u015b czas szli\u015bmy na wycieczk\u0119 lub urz\u0105dzali\u015bmy wsp&oacute;ln\u0105 zabaw\u0119 z&nbsp;ministrantami.<\/span><\/p>\n<p style=\"text-align: justify;\"><span style=\"font-size:18px;\">Chcieli\u015bmy tak\u017ce da\u0107 co\u015b z siebie, by pom&oacute;c innym. Przed Bo\u017cym Narodzeniem i Wielkanoc\u0105 zorganizowa\u0142y\u015bmy kiermasz kartek \u015bwi\u0105tecznych, z&nbsp;kt&oacute;rych doch&oacute;d by\u0142 przeznaczony na wakacje dla ubogich dzieci z naszej parafii. W Wielkim Po\u015bcie dzieci odmawia\u0142y sobie s\u0142odyczy, by je potem ofiarowa\u0107 ubogim przyjmowanym przez Siostry Misjonarki Mi\u0142o\u015bci. Siostry poprosi\u0142y, by dzieci same pocz\u0119stowa\u0142y ubogich s\u0142odyczami przyniesionymi przez siebie. By\u0142o to dla nich silne prze\u017cycie. Obie te formy charytatywnej pomocy sta\u0142y si\u0119 tradycj\u0105 naszego Ruchu i dzieci bardzo ch\u0119tnie si\u0119 w nie w\u0142\u0105czaj\u0105.<\/span><\/p>\n<p style=\"text-align: justify;\"><span style=\"font-size:18px;\">Rok szkolny 2006\/2007 przyni&oacute;s\u0142 nam dwie nowe grupy. Wsp&oacute;lnota podwoi\u0142a si\u0119 liczebnie i mo\u017cna by\u0142o wprowadzi\u0107 tak charakterystyczny dla Oazy &#8211; Dzie\u0144 Wsp&oacute;lnoty. Spotykamy si\u0119 w ostatni\u0105 sobot\u0119 miesi\u0105ca, by poprzez wsp&oacute;ln\u0105 zabaw\u0119, \u015bpiew, rozmow\u0119 i modlitw\u0119 wszystkie grupy mog\u0142y si\u0119 poczu\u0107 jedn\u0105 wsp&oacute;lnot\u0105. Nie mamy ksi\u0119dza moderatora, kt&oacute;ry m&oacute;g\u0142by regularnie nam s\u0142u\u017cy\u0107, dlatego nasz\u0105 wsp&oacute;lnotow\u0105 Msz\u0105 \u015bw. jest Eucharystia pierwszopi\u0105tkowa. Dwa razy w roku wyje\u017cd\u017camy na weekend do o\u015brodka duchowo\u015bci ignacja\u0144skiej po\u0142o\u017conego na peryferiach g&oacute;rskiej miejscowo\u015bci Inoi oddalonej ok. 50 km od Aten. Miejsce jest bardzo \u0142adne, sprzyjaj\u0105ce zar&oacute;wno odpoczynkowi jak i skupieniu.<\/span><\/p>\n<p style=\"text-align: justify;\"><span style=\"font-size:18px;\">Oazowicze w\u0142\u0105czaj\u0105 si\u0119 w liturgiczne \u017cycie parafii przygotowuj\u0105c np.: misyjny r&oacute;\u017caniec dla dzieci, rozwa\u017cania Drogi Krzy\u017cowej, czytania mszalne na pierwsz\u0105 niedziel\u0119 miesi\u0105ca.<\/span><\/p>\n<p style=\"text-align: justify;\"><span style=\"font-size:18px;\">Pomy\u015bleli\u015bmy te\u017c o naszych rodzinach i pod koniec stycznia zorganizowali\u015bmy Oazowe \u015awi\u0119to Rodziny, kt&oacute;re te\u017c sta\u0142o si\u0119 tradycj\u0105. \u015apiew kol\u0119d, konkursy rodzinne, przedstawienie, pocz\u0119stunek oraz wsp&oacute;lna modlitwa stwarzaj\u0105 atmosfer\u0119 \u015bwi\u0119towania i wi\u0119zi wsp&oacute;lnotowej jednocze\u015bnie.<\/span><\/p>\n<p style=\"text-align: justify;\"><span style=\"font-size:18px;\">W lipcu 2007 roku odby\u0142y si\u0119 rekolekcje Oazy Dzieci Bo\u017cych I stopnia w dawnej szkole urszula\u0144skiej na wyspie Naxos. Wzi\u0119\u0142o w nich udzia\u0142 20 dzieci pod opiek\u0105 o. Andrzeja Pe\u0142ki SJ, s. Ludmi\u0142y Saczewko OSU, s. Agnieszki M\u0142ynarczykowskiej OSU i Alicji Straszeckiej. Po 6 godzinach podr&oacute;\u017cy statkiem dotarli\u015bmy do portu, kt&oacute;ry le\u017cy u podn&oacute;\u017ca Kastro &#8211; dawnego zamku weneckiego, w obr\u0119bie kt&oacute;rego znajduje si\u0119 XVIII- wieczny budynek klasztoru i szko\u0142y urszulanek. Mieszkali\u015bmy wi\u0119c w punkcie miasta po\u0142o\u017conym najbli\u017cej nieba, jak na rekolekcje przysta\u0142o. To by\u0142y pierwsze rekolekcje, wi\u0119c moderatorka musia\u0142a by\u0107 bardzo elastyczna i&nbsp;czasami rezygnowa\u0107 z niekt&oacute;rych punkt&oacute;w programu, je\u015bli symptomy wskazywa\u0142y na nadmiar tre\u015bci. Punktem programu, z kt&oacute;rego nigdy nie rezygnowali\u015bmy by\u0142a k\u0105piel w morzu, ale to by\u0142o podyktowane si\u0142\u0105 wy\u017csz\u0105, czyli temperatur\u0105 trudn\u0105 do zniesienia. W czasie rekolekcji zaszczyci\u0142 nas swoj\u0105 obecno\u015bci\u0105 Arcybiskup Naxos-Tinos Nikolaos Printezis. Na pami\u0105tk\u0119 tej wizyty ka\u017cdy otrzyma\u0142 krzy\u017cyk i&#8230; lody od ks. Arcybiskupa.<\/span><\/p>\n<p style=\"text-align: justify;\"><span style=\"font-size:18px;\">Rok szkolny 2007\/2008 przyni&oacute;s\u0142 nam w prezencie kolejne 2 grupy, tak \u017ce Oaza Dzieci Bo\u017cych w naszej parafii liczy aktualnie 48 cz\u0142onk&oacute;w. Sama nie jestem w&nbsp;stanie poprowadzi\u0107 5 grup i dzi\u0119ki \u0142asce Bo\u017cej znalaz\u0142a si\u0119 animatorka &#8211; Justyna Pieczyrek &#8211; kt&oacute;ra prowadzi 2 grupy.<\/span><\/p>\n<p style=\"text-align: justify;\"><span style=\"font-size:18px;\">Najstarsza grupa to weteranki Dzieci Bo\u017cych, bo s\u0105 ju\u017c w gimnazjum, ci\u0105gle jednak wierne&#8230; Z t\u0105 najstarsz\u0105 grup\u0105 mog\u0142am si\u0119 w tym roku w\u0142\u0105czy\u0107 w skupienie adwentowe przygotowane przez greckie duszpasterstwo nastolatk&oacute;w. Nie wszystkie oazowiczki dobrze w\u0142adaj\u0105 greckim, mimo i\u017c prawie wszystkie si\u0119 tu urodzi\u0142y, ale dzi\u0119ki kole\u017ce\u0144skiej pomocy wszystkie mog\u0142y czynnie skorzysta\u0107 z tego&nbsp; spotkania.<\/span><\/p>\n<p style=\"text-align: justify;\"><span style=\"font-size:18px;\">W czerwcu czekaj\u0105 nas rekolekcje ODB II stopnia tak\u017ce na wyspie Naxos. Dzieci ju\u017c si\u0119 dopytuj\u0105. Rodzice zreszt\u0105 te\u017c. Wiele razy s\u0142ysza\u0142am z ust rodzic&oacute;w s\u0142owa wdzi\u0119czno\u015bci. Ciesz\u0105 si\u0119, \u017ce jest Oaza i \u017ce ich dzieci mog\u0105 przyj\u015b\u0107 na spotkanie zamiast siedzie\u0107 przed komputerem czy szuka\u0107 innej rozrywki. Wielu rodzic&oacute;w jest zawsze gotowych mi pom&oacute;c. Mo\u017cna dostrzec, \u017ce dzi\u0119ki Oazie dokonuje si\u0119 w&nbsp;dzieciach i w ich rodzinach du\u017co dobrego. <br \/>\n\tZa to &#8211; chwa\u0142a Panu!<\/span><\/p>\n<p class=\"zrodlo\" style=\"text-align: right;\"><em><span style=\"font-size:18px;\">s. Ludmi\u0142a Saczewko OSU<\/span><\/em><\/p>\n","protected":false},"excerpt":{"rendered":"<p>Artyku\u0142 siostry Ludmi\u0142y zamieszczony w 2008 roku na stronie&nbsp; Urszulanek Unii Rzymskiej [wowslider id=&#8221;9&#8243;] Parafia Chrystusa Zbawiciela ksi\u0119\u017cy Jezuit&oacute;w w&nbsp;Atenach jest \u017cyw\u0105 wsp&oacute;lnot\u0105, w kt&oacute;rej ka\u017cdy mo\u017ce znale\u017a\u0107 dla siebie miejsce. Liczne i r&oacute;\u017cnorodne grupy stoj\u0105 otworem przed wszystkimi&#8230; doros\u0142ymi. Dzieci mog\u0142y nale\u017ce\u0107 albo do scholi albo do liturgicznej s\u0142u\u017cby o\u0142tarza. To nie za du\u017cy [&hellip;]<\/p>\n","protected":false},"author":228,"featured_media":0,"parent":237,"menu_order":2,"comment_status":"closed","ping_status":"closed","template":"","meta":{"ngg_post_thumbnail":0,"footnotes":""},"class_list":["post-4267","page","type-page","status-publish","hentry"],"aioseo_notices":[],"_links":{"self":[{"href":"https:\/\/ateny.jezuici.pl\/index.php?rest_route=\/wp\/v2\/pages\/4267","targetHints":{"allow":["GET"]}}],"collection":[{"href":"https:\/\/ateny.jezuici.pl\/index.php?rest_route=\/wp\/v2\/pages"}],"about":[{"href":"https:\/\/ateny.jezuici.pl\/index.php?rest_route=\/wp\/v2\/types\/page"}],"author":[{"embeddable":true,"href":"https:\/\/ateny.jezuici.pl\/index.php?rest_route=\/wp\/v2\/users\/228"}],"replies":[{"embeddable":true,"href":"https:\/\/ateny.jezuici.pl\/index.php?rest_route=%2Fwp%2Fv2%2Fcomments&post=4267"}],"version-history":[{"count":0,"href":"https:\/\/ateny.jezuici.pl\/index.php?rest_route=\/wp\/v2\/pages\/4267\/revisions"}],"up":[{"embeddable":true,"href":"https:\/\/ateny.jezuici.pl\/index.php?rest_route=\/wp\/v2\/pages\/237"}],"wp:attachment":[{"href":"https:\/\/ateny.jezuici.pl\/index.php?rest_route=%2Fwp%2Fv2%2Fmedia&parent=4267"}],"curies":[{"name":"wp","href":"https:\/\/api.w.org\/{rel}","templated":true}]}}