{"id":4254,"date":"2012-10-04T02:26:34","date_gmt":"2012-10-04T02:26:34","guid":{"rendered":"http:\/\/www.ateny.deon.pl\/?page_id=4254"},"modified":"2012-10-04T03:00:10","modified_gmt":"2012-10-04T03:00:10","slug":"wakacje-z-bogiem-10-21-lipca-2006","status":"publish","type":"page","link":"https:\/\/ateny.jezuici.pl\/?page_id=4254","title":{"rendered":"Wakacje z Bogiem 2006"},"content":{"rendered":"<h2 style=\"text-align: center;\"><img loading=\"lazy\" decoding=\"async\" alt=\"\" height=\"479\" src=\"https:\/\/ateny.jezuici.pl\/files\/tinos203.jpg\" width=\"700\" \/><\/h2>\n<h2 style=\"text-align: justify;\"><span style=\"color:#ffa500;\"><span style=\"font-size: 22px;\">&bdquo;Twoje S\u0142owo jest lamp\u0105 dla moich st&oacute;p&rdquo;<\/span><\/span><\/h2>\n<p style=\"text-align: justify;\"><span style=\"font-size:18px;\">Pod tym has\u0142em odby\u0142y si\u0119 w dniach 10-21 lipca tegoroczne &bdquo;Wakacje z Bogiem&rdquo; w &Kappa;&omicron;&lambda;&upsilon;&mu;&pi;\u03ae&theta;&rho;&alpha; na wyspie &Tau;\u03ae&nu;&omicron;&sigmaf;. Trzydziestosze\u015bcioosobowa grupa dzieci (19 dziewczynek i 17 ch\u0142opc&oacute;w) wyjecha\u0142a wczesnym rankiem pod opiek\u0105 s. Ludmi\u0142y Saczewko, czterech animatorek, ratownika oraz pani Joli Bienia i Iwony Kujda, kt&oacute;re troszczy\u0142y si\u0119 o to, by nie brak\u0142o dzieciom smacznego jedzenia. Has\u0142o wakacji wskazuje na cel, jaki przy\u015bwieca\u0142 prowadz\u0105cym: pom&oacute;c dzieciom odkry\u0107, \u017ce Pan B&oacute;g m&oacute;wi do ka\u017cdego osobi\u015bcie w Pi\u015bmie \u015bwi\u0119tym i \u017ce ma nam co\u015b do powiedzenia w ka\u017cdej sytuacji \u017cyciowej. Dlatego pierwszego dnia w czasie Liturgii S\u0142owa ka\u017cdy uczestnik otrzyma\u0142 zaadresowany imiennie list od Pana Boga.<\/span><\/p>\n<p style=\"text-align: justify;\"><span style=\"font-size:18px;\">Ka\u017cdy dzie\u0144 rozpoczyna\u0142 si\u0119 i ko\u0144czy\u0142 modlitw\u0105, a wype\u0142niony by\u0142 spotkaniami w ma\u0142ych grupach, warsztatami origami, zaj\u0119ciami sportowymi, wyj\u015bciem nad morze i zabaw\u0105. W mi\u0119dzyczasie naturalnie by\u0142y smaczne posi\u0142ki przygotowane przez nasze kochane, zawsze w dobrym humorze, Panie kucharki, a tak\u017ce nauka rzeczy praktycznych i po\u017cytecznych, czyli sprz\u0105tanie naszego o\u015brodka.<\/span><\/p>\n<div style=\"text-align: center;\"><span style=\"font-size:18px;\"><img loading=\"lazy\" decoding=\"async\" alt=\"\" height=\"307\" src=\"https:\/\/ateny.jezuici.pl\/files\/tinos124.jpg\" width=\"500\" \/><br \/>\n\t<\/span><\/div>\n<p style=\"text-align: justify;\"><span style=\"font-size:18px;\">Spotkania w grupach by\u0142y okazj\u0105 do podzielenia si\u0119 tym, co ka\u017cdy ju\u017c wiedzia\u0142, ale tak\u017ce do zdobycia nowych wiadomo\u015bci, a przede wszystkim nowych umiej\u0119tno\u015bci tj.: \u015bmiania si\u0119 z siebie samego, ch\u0119tnego wykonywania polece\u0144 opiekun&oacute;w, zgodnej zabawy, uczciwej gry, wsp&oacute;\u0142pracy, m&oacute;wienia komplement&oacute;w, odkrywania dobra w ka\u017cdym etc.<\/span><\/p>\n<p style=\"text-align: justify;\"><span style=\"font-size:18px;\">Warsztaty origami prowadzone przez jedn\u0105 z animatorek &#8211; Sabin\u0119 Szajda &#8211; cieszy\u0142y si\u0119 wielkim powodzeniem w\u015br&oacute;d wszystkich uczestnik&oacute;w wakacji. Robienie z papieru r&oacute;\u017cnych potwor&oacute;w, pude\u0142eczek, statk&oacute;w, kwiatk&oacute;w etc. sprawia\u0142o wszystkim du\u017c\u0105 rado\u015b\u0107. Niekt&oacute;rzy nawet przyjechali przygotowani do tych zaj\u0119\u0107 i przywie\u017ali ze sob\u0105 odpowiednie ksi\u0105\u017cki.<\/span><\/p>\n<div style=\"text-align: center;\"><span style=\"font-size:18px;\"><img loading=\"lazy\" decoding=\"async\" alt=\"Dla chc\u0105cego nic trudnego\" border=\"\" height=\"373\" src=\"https:\/\/ateny.jezuici.pl\/files\/tinos092.jpg\" width=\"400\" \/><\/span><\/div>\n<p style=\"text-align: justify;\"><span style=\"font-size:18px;\">Ka\u017cdy m&oacute;g\u0142 znale\u017a\u0107 co\u015b dla siebie. Preferencje dzieci by\u0142y bardzo r&oacute;\u017cnorodne. Oto niekt&oacute;re z nich: <i>chodzili\u015bmy na pla\u017c\u0119; prze\u017cywali\u015bmy nowe i ciekawe przygody; mieli\u015bmy pogodny wiecz&oacute;r, zaj\u0119cia origami, wyj\u015bcia do sklepu, wycieczk\u0119, r&oacute;\u017cne ciekawe gry, zawody, agap\u0119, spotkania w grupach.<\/i><\/span><\/p>\n<p style=\"text-align: justify;\"><span style=\"font-size:18px;\">Nic nie by\u0142o w stanie popsu\u0107 dobrych humor&oacute;w dzieci. Do ka\u017cdych warunk&oacute;w si\u0119 dostosowywa\u0142y i na ka\u017cd\u0105 pogod\u0119 mia\u0142y jakie\u015b dobre pomys\u0142y. Dzi\u0119ki niepogodzie, kiedy nie mo\u017cna si\u0119 by\u0142o k\u0105pa\u0107, powsta\u0142y niezwykle precyzyjnie pomy\u015blane i wykonane budowle z piasku. Szkoda tylko, \u017ce konstruktorzy nie przewidzieli jakiej\u015b os\u0142ony przed wiatrem dla swoich dzie\u0142, bo \u017cywot makiety naszego o\u015brodka, archaicznej wioski, delfina i innych mo\u017cna by\u0142o liczy\u0107 jedynie w godzinach.<\/span><\/p>\n<div style=\"text-align: center;\"><span style=\"font-size:18px;\"><img loading=\"lazy\" decoding=\"async\" alt=\"\" height=\"398\" src=\"https:\/\/ateny.jezuici.pl\/files\/tinos111.jpg\" width=\"500\" \/><br \/>\n\t<\/span><\/div>\n<p style=\"text-align: justify;\"><span style=\"font-size:18px;\">&bdquo;<i>&laquo;Nic nie jest doskona\u0142e&raquo;<\/i> &#8211; powiedzia\u0142 lisek do Ma\u0142ego Ksi\u0119cia.&rdquo; Jak wykaza\u0142a ankieta przeprowadzona ostatniego dnia wakacji, w naszej grupie te\u017c nie wszystko by\u0142o doskona\u0142e. Na pytanie <i>&laquo;Co ci si\u0119 nie podoba\u0142o, co chcia\u0142by\u015b zmieni\u0107&raquo;<\/i> by\u0142y mi\u0119dzy innymi takie odpowiedzi:<\/span><\/p>\n<p style=\"text-align: justify;\"><span style=\"font-size:18px;\"><i>Nie podoba\u0142o mi si\u0119 to, \u017ce dziewczyny nie mog\u0142y ju\u017c mie\u0107 \u015bwiat\u0142a a ch\u0142opcy jeszcze mieli \u015bwiat\u0142o; mieli\u015bmy ma\u0142o czasu wolnego i ma\u0142o czasu byli\u015bmy nad wod\u0105; za wcze\u015bnie by\u0142a pobudka; prysznice z zimn\u0105 wod\u0105 na dworze; mieli\u015bmy sjest\u0119, a przecie\u017c mogli\u015bmy mie\u0107 wtedy jakie\u015b gry; to, \u017ce chodzili\u015bmy tak szybko spa\u0107; chcia\u0142abym, aby ch\u0142opcy byli lepsi i lepiej si\u0119 odzywali do dziewczyn; chcia\u0142bym, \u017ceby by\u0142y baseny. <\/i><\/span><\/p>\n<div style=\"text-align: center;\"><span style=\"font-size:18px;\"><img loading=\"lazy\" decoding=\"async\" alt=\"\" height=\"362\" src=\"https:\/\/ateny.jezuici.pl\/files\/tinos215.jpg\" width=\"500\" \/><br \/>\n\t<\/span><\/div>\n<p style=\"text-align: justify;\"><span style=\"font-size:18px;\">Nasze &bdquo;Wakacje z Bogiem&rdquo; zako\u0144czyli\u015bmy uroczyst\u0105 Eucharysti\u0105, w czasie kt&oacute;rej ka\u017cdy otrzyma\u0142 okulary firmy &bdquo;Spojrzenie Bo\u017ce&rdquo;, by nie zapomnie\u0107, \u017ce od teraz mamy pr&oacute;bowa\u0107 patrze\u0107 na \u015bwiat, na nasze \u017cycie jako na wyraz mi\u0142o\u015bci Pana Boga do nas. Aby zacz\u0105\u0107 od razu wprowadza\u0107 to w \u017cycie, po Mszy \u015bwi\u0119tej by\u0142a &bdquo;AGAPA&rdquo; &#8211; szczeg&oacute;lnie uroczysty posi\u0142ek wzajemnej \u017cyczliwo\u015bci i mi\u0142o\u015bci.<\/span><\/p>\n<p style=\"text-align: justify;\"><span style=\"font-size:18px;\">Za rok zn&oacute;w b\u0119d\u0105 wakacje, kt&oacute;re dobrze by by\u0142o sp\u0119dzi\u0107 z Panem Bogiem&#8230;<\/span><\/p>\n<p style=\"text-align: right;\"><span style=\"font-size:18px;\"><i>s. Ludmi\u0142a Saczewko OSU<br \/>\n\t<\/i><\/span><\/p>\n<div style=\"text-align: center\">\n<p style=\"text-align: center;\"><span style=\"font-size:18px;\"><img loading=\"lazy\" decoding=\"async\" alt=\"\" height=\"303\" src=\"https:\/\/ateny.jezuici.pl\/files\/tinos079.jpg\" width=\"500\" \/><br \/>\n\t\t<\/span><\/p>\n<p style=\"text-align: justify;\"><span style=\"font-size:18px;\">Na pogodnych wieczorach mo\u017cna by\u0142o \u015bpiewa\u0107, ta\u0144czy\u0107, rusza\u0107 si\u0119 jak ka\u017cdy zapragn\u0105\u0142, w szyku uporz\u0105dkowanym&hellip;<\/span><\/p>\n<p style=\"text-align: center;\"><span style=\"font-size:18px;\"><img loading=\"lazy\" decoding=\"async\" alt=\"\" height=\"329\" src=\"https:\/\/ateny.jezuici.pl\/files\/tinos087.jpg\" width=\"500\" \/><br \/>\n\t\t<\/span><\/p>\n<p style=\"text-align: justify;\"><span style=\"font-size:18px;\">&hellip; albo tak jak ka\u017cdemu wyobra\u017ania podpowiada\u0142a. Najwa\u017cniejsze to dobrze si\u0119 wsp&oacute;lnie bawi\u0107.<\/span><\/p>\n<p style=\"text-align: center;\"><span style=\"font-size:18px;\"><img loading=\"lazy\" decoding=\"async\" alt=\"\" height=\"337\" src=\"https:\/\/ateny.jezuici.pl\/files\/tinos068.jpg\" width=\"500\" \/>&nbsp;<\/p>\n<p>\t\t<img loading=\"lazy\" decoding=\"async\" alt=\"\" height=\"319\" src=\"https:\/\/ateny.jezuici.pl\/files\/tinos120.jpg\" width=\"500\" \/><\/span><\/p>\n<p style=\"text-align: justify;\"><span style=\"font-size:18px;\">Spotkania w grupach by\u0142y okazj\u0105 do rozmowy, odkrywania czego\u015b nowego i rozwijania tw&oacute;rczych pomys\u0142&oacute;w.<\/span><\/p>\n<p style=\"text-align: center;\"><span style=\"font-size:18px;\"><img loading=\"lazy\" decoding=\"async\" alt=\"\" height=\"344\" src=\"https:\/\/ateny.jezuici.pl\/files\/tinos075.jpg\" width=\"400\" \/><br \/>\n\t\t<\/span><\/p>\n<p style=\"text-align: justify;\"><span style=\"font-size:18px;\">Dzieci Bo\u017ce kr\u0119ci\u0142y scen\u0119 do filmu wojennego pod okiem bardzo wymagaj\u0105cego re\u017cysera. Lekarz, grabarz, matka i ranny syn musieli sprosta\u0107 jego wymaganiom.<\/span><\/p>\n<p style=\"text-align: center;\"><span style=\"font-size:18px;\"><img loading=\"lazy\" decoding=\"async\" alt=\"\" height=\"375\" src=\"https:\/\/ateny.jezuici.pl\/files\/tinos217.jpg\" width=\"400\" \/><br \/>\n\t\t<\/span><\/p>\n<p style=\"text-align: justify;\"><span style=\"font-size:18px;\">Podstaw\u0105 dobrego humoru by\u0142y smaczne posi\u0142ki przygotowywane przez pani\u0105 Jol\u0119 i pani\u0105 Iwon\u0119.<\/span><\/p>\n<p style=\"text-align: center;\"><span style=\"font-size:18px;\"><img loading=\"lazy\" decoding=\"async\" alt=\"\" height=\"345\" src=\"https:\/\/ateny.jezuici.pl\/files\/tinos055.jpg\" width=\"500\" \/><br \/>\n\t\t<\/span><\/p>\n<p style=\"text-align: justify;\"><span style=\"font-size:18px;\">Do zobaczenia w przysz\u0142ym roku&#8230;<\/span><\/p>\n<\/div>\n","protected":false},"excerpt":{"rendered":"<p>&bdquo;Twoje S\u0142owo jest lamp\u0105 dla moich st&oacute;p&rdquo; Pod tym has\u0142em odby\u0142y si\u0119 w dniach 10-21 lipca tegoroczne &bdquo;Wakacje z Bogiem&rdquo; w &Kappa;&omicron;&lambda;&upsilon;&mu;&pi;\u03ae&theta;&rho;&alpha; na wyspie &Tau;\u03ae&nu;&omicron;&sigmaf;. Trzydziestosze\u015bcioosobowa grupa dzieci (19 dziewczynek i 17 ch\u0142opc&oacute;w) wyjecha\u0142a wczesnym rankiem pod opiek\u0105 s. Ludmi\u0142y Saczewko, czterech animatorek, ratownika oraz pani Joli Bienia i Iwony Kujda, kt&oacute;re troszczy\u0142y si\u0119 o [&hellip;]<\/p>\n","protected":false},"author":228,"featured_media":0,"parent":237,"menu_order":3,"comment_status":"closed","ping_status":"closed","template":"onecolumn-page.php","meta":{"ngg_post_thumbnail":0,"footnotes":""},"class_list":["post-4254","page","type-page","status-publish","hentry"],"aioseo_notices":[],"_links":{"self":[{"href":"https:\/\/ateny.jezuici.pl\/index.php?rest_route=\/wp\/v2\/pages\/4254","targetHints":{"allow":["GET"]}}],"collection":[{"href":"https:\/\/ateny.jezuici.pl\/index.php?rest_route=\/wp\/v2\/pages"}],"about":[{"href":"https:\/\/ateny.jezuici.pl\/index.php?rest_route=\/wp\/v2\/types\/page"}],"author":[{"embeddable":true,"href":"https:\/\/ateny.jezuici.pl\/index.php?rest_route=\/wp\/v2\/users\/228"}],"replies":[{"embeddable":true,"href":"https:\/\/ateny.jezuici.pl\/index.php?rest_route=%2Fwp%2Fv2%2Fcomments&post=4254"}],"version-history":[{"count":0,"href":"https:\/\/ateny.jezuici.pl\/index.php?rest_route=\/wp\/v2\/pages\/4254\/revisions"}],"up":[{"embeddable":true,"href":"https:\/\/ateny.jezuici.pl\/index.php?rest_route=\/wp\/v2\/pages\/237"}],"wp:attachment":[{"href":"https:\/\/ateny.jezuici.pl\/index.php?rest_route=%2Fwp%2Fv2%2Fmedia&parent=4254"}],"curies":[{"name":"wp","href":"https:\/\/api.w.org\/{rel}","templated":true}]}}