{"id":3804,"date":"2012-06-13T15:06:52","date_gmt":"2012-06-13T15:06:52","guid":{"rendered":"http:\/\/www.ateny.deon.pl\/?page_id=3804"},"modified":"2015-03-03T09:10:59","modified_gmt":"2015-03-03T09:10:59","slug":"czuwanie-przed-zeslaniem-ducha-swietego-2012","status":"publish","type":"page","link":"https:\/\/ateny.jezuici.pl\/?page_id=3804","title":{"rendered":"Czuwanie przed zes\u0142aniem Ducha \u015awi\u0119tego 2012"},"content":{"rendered":"<p>&nbsp;<\/p>\n\n\t\t<style type=\"text\/css\">\n\t\t\t#gallery-1 {\n\t\t\t\tmargin: auto;\n\t\t\t}\n\t\t\t#gallery-1 .gallery-item {\n\t\t\t\tfloat: left;\n\t\t\t\tmargin-top: 10px;\n\t\t\t\ttext-align: center;\n\t\t\t\twidth: 33%;\n\t\t\t}\n\t\t\t#gallery-1 img {\n\t\t\t\tborder: 2px solid #cfcfcf;\n\t\t\t}\n\t\t\t#gallery-1 .gallery-caption {\n\t\t\t\tmargin-left: 0;\n\t\t\t}\n\t\t\t\/* see gallery_shortcode() in wp-includes\/media.php *\/\n\t\t<\/style>\n\t\t<div id='gallery-1' class='gallery galleryid-3804 gallery-columns-3 gallery-size-thumbnail'><dl class='gallery-item'>\n\t\t\t<dt class='gallery-icon landscape'>\n\t\t\t\t<a href='https:\/\/ateny.jezuici.pl\/?attachment_id=3905'><img loading=\"lazy\" decoding=\"async\" width=\"150\" height=\"150\" src=\"https:\/\/ateny.jezuici.pl\/files\/2011\/03\/ZES\u0141ANIE-DUCHA-\u015aWI\u0118TEGO-2-CZERWCA-2012-137-z-139-150x150.jpg\" class=\"attachment-thumbnail size-thumbnail\" alt=\"\" \/><\/a>\n\t\t\t<\/dt><\/dl><dl class='gallery-item'>\n\t\t\t<dt class='gallery-icon landscape'>\n\t\t\t\t<a href='https:\/\/ateny.jezuici.pl\/?attachment_id=3906'><img loading=\"lazy\" decoding=\"async\" width=\"150\" height=\"150\" src=\"https:\/\/ateny.jezuici.pl\/files\/2011\/03\/ZES\u0141ANIE-DUCHA-\u015aWI\u0118TEGO-2-CZERWCA-150x150.jpg\" class=\"attachment-thumbnail size-thumbnail\" alt=\"\" \/><\/a>\n\t\t\t<\/dt><\/dl><dl class='gallery-item'>\n\t\t\t<dt class='gallery-icon landscape'>\n\t\t\t\t<a href='https:\/\/ateny.jezuici.pl\/?attachment_id=3904'><img loading=\"lazy\" decoding=\"async\" width=\"150\" height=\"150\" src=\"https:\/\/ateny.jezuici.pl\/files\/2011\/03\/ZES\u0141ANIE-DUCHA-\u015aWI\u0118TEGO-2-CZERWCA-2012-88-z-139-150x150.jpg\" class=\"attachment-thumbnail size-thumbnail\" alt=\"\" \/><\/a>\n\t\t\t<\/dt><\/dl><br style=\"clear: both\" \/><dl class='gallery-item'>\n\t\t\t<dt class='gallery-icon landscape'>\n\t\t\t\t<a href='https:\/\/ateny.jezuici.pl\/?attachment_id=3903'><img loading=\"lazy\" decoding=\"async\" width=\"150\" height=\"150\" src=\"https:\/\/ateny.jezuici.pl\/files\/2011\/03\/ZES\u0141ANIE-DUCHA-\u015aWI\u0118TEGO-2-CZERWCA-2012-78-z-139-150x150.jpg\" class=\"attachment-thumbnail size-thumbnail\" alt=\"\" \/><\/a>\n\t\t\t<\/dt><\/dl><dl class='gallery-item'>\n\t\t\t<dt class='gallery-icon landscape'>\n\t\t\t\t<a href='https:\/\/ateny.jezuici.pl\/?attachment_id=3902'><img loading=\"lazy\" decoding=\"async\" width=\"150\" height=\"150\" src=\"https:\/\/ateny.jezuici.pl\/files\/2011\/03\/ZES\u0141ANIE-DUCHA-\u015aWI\u0118TEGO-2-CZERWCA-2012-74-z-139-150x150.jpg\" class=\"attachment-thumbnail size-thumbnail\" alt=\"\" \/><\/a>\n\t\t\t<\/dt><\/dl><dl class='gallery-item'>\n\t\t\t<dt class='gallery-icon landscape'>\n\t\t\t\t<a href='https:\/\/ateny.jezuici.pl\/?attachment_id=3901'><img loading=\"lazy\" decoding=\"async\" width=\"150\" height=\"150\" src=\"https:\/\/ateny.jezuici.pl\/files\/2011\/03\/ZES\u0141ANIE-DUCHA-\u015aWI\u0118TEGO-2-CZERWCA-2012-73-z-139-150x150.jpg\" class=\"attachment-thumbnail size-thumbnail\" alt=\"\" \/><\/a>\n\t\t\t<\/dt><\/dl><br style=\"clear: both\" \/><dl class='gallery-item'>\n\t\t\t<dt class='gallery-icon landscape'>\n\t\t\t\t<a href='https:\/\/ateny.jezuici.pl\/?attachment_id=3900'><img loading=\"lazy\" decoding=\"async\" width=\"150\" height=\"150\" src=\"https:\/\/ateny.jezuici.pl\/files\/2011\/03\/ZES\u0141ANIE-DUCHA-\u015aWI\u0118TEGO-2-CZERWCA-2012-72-z-139-150x150.jpg\" class=\"attachment-thumbnail size-thumbnail\" alt=\"\" \/><\/a>\n\t\t\t<\/dt><\/dl>\n\t\t\t<br style='clear: both' \/>\n\t\t<\/div>\n\n","protected":false},"excerpt":{"rendered":"<p>&nbsp;<\/p>\n","protected":false},"author":228,"featured_media":0,"parent":392,"menu_order":80,"comment_status":"closed","ping_status":"closed","template":"onecolumn-page.php","meta":{"ngg_post_thumbnail":0,"footnotes":""},"class_list":["post-3804","page","type-page","status-publish","hentry"],"aioseo_notices":[],"_links":{"self":[{"href":"https:\/\/ateny.jezuici.pl\/index.php?rest_route=\/wp\/v2\/pages\/3804","targetHints":{"allow":["GET"]}}],"collection":[{"href":"https:\/\/ateny.jezuici.pl\/index.php?rest_route=\/wp\/v2\/pages"}],"about":[{"href":"https:\/\/ateny.jezuici.pl\/index.php?rest_route=\/wp\/v2\/types\/page"}],"author":[{"embeddable":true,"href":"https:\/\/ateny.jezuici.pl\/index.php?rest_route=\/wp\/v2\/users\/228"}],"replies":[{"embeddable":true,"href":"https:\/\/ateny.jezuici.pl\/index.php?rest_route=%2Fwp%2Fv2%2Fcomments&post=3804"}],"version-history":[{"count":0,"href":"https:\/\/ateny.jezuici.pl\/index.php?rest_route=\/wp\/v2\/pages\/3804\/revisions"}],"up":[{"embeddable":true,"href":"https:\/\/ateny.jezuici.pl\/index.php?rest_route=\/wp\/v2\/pages\/392"}],"wp:attachment":[{"href":"https:\/\/ateny.jezuici.pl\/index.php?rest_route=%2Fwp%2Fv2%2Fmedia&parent=3804"}],"curies":[{"name":"wp","href":"https:\/\/api.w.org\/{rel}","templated":true}]}}