{"id":3554,"date":"2012-04-05T12:47:43","date_gmt":"2012-04-05T12:47:43","guid":{"rendered":"http:\/\/www.ateny.deon.pl\/?page_id=3554"},"modified":"2021-10-12T09:55:39","modified_gmt":"2021-10-12T06:55:39","slug":"i-komunia","status":"publish","type":"page","link":"https:\/\/ateny.jezuici.pl\/?page_id=3554","title":{"rendered":"I Komunia"},"content":{"rendered":"<p style=\"text-align: justify;\"><span style=\"font-size: 20px;\">Przygotowanie odbywa si\u0119 w domu (wsp\u00f3lna modlitwa z rodzicami, przekazywanie wiary), w ko\u015bciele (niedzielna Eucharystia o godz. <span style=\"color: #ffa500;\"><strong>12:30<\/strong><\/span>) i w szkole (katecheza).<\/span><\/p>\n<p style=\"text-align: justify;\"><span style=\"font-size: 14px;\"><span style=\"font-size: 22px;\"><span style=\"color: #ffa500;\"><strong>Propozycje \u015bpiewu na uroczysto\u015b\u0107 I Komunii<\/strong><\/span><\/span><\/span><\/p>\n<p>JEZIORO GENEZARET<br \/>\n<a href=\"http:\/\/w851.wrzuta.pl\/audio\/5hPB4N8XRdq\/jezioro_genezaret_-_zesp_stokrotki_-_piesni_religijne\" target=\"_blank\" rel=\"noopener noreferrer\">http:\/\/w851.wrzuta.pl\/audio\/<\/a><a href=\"http:\/\/w851.wrzuta.pl\/audio\/5hPB4N8XRdq\/jezioro_genezaret_-_zesp_stokrotki_-_piesni_religijne\" target=\"_blank\" rel=\"noopener noreferrer\"><wbr \/><span style=\"font-size: 14px;\"><strong>5hPB4N8XRdq\/jezioro_genezaret_<\/strong><\/span><wbr \/><span style=\"font-size: 14px;\"><strong>-_zesp_stokrotki_-_piesni_<\/strong><\/span><wbr \/><\/a><span style=\"font-size: 14px;\"><strong><a href=\"http:\/\/w851.wrzuta.pl\/audio\/5hPB4N8XRdq\/jezioro_genezaret_-_zesp_stokrotki_-_piesni_religijne\" target=\"_blank\" rel=\"noopener noreferrer\">religijne<\/a><br \/>\n<a href=\"http:\/\/www.youtube.com\/watch?v=j7MJXJmCmvY\" target=\"_blank\" rel=\"noopener noreferrer\">http:\/\/www.youtube.com\/watch?<\/a><\/strong><\/span><a href=\"http:\/\/www.youtube.com\/watch?v=j7MJXJmCmvY\" target=\"_blank\" rel=\"noopener noreferrer\"><wbr \/><\/a><span style=\"font-size: 14px;\"><strong><a href=\"http:\/\/www.youtube.com\/watch?v=j7MJXJmCmvY\" target=\"_blank\" rel=\"noopener noreferrer\">v=j7MJXJmCmvY<\/a><br \/>\nUROCZYSTY DZIE\u0143 KOMUNII<br \/>\n<a href=\"http:\/\/jagoda613.wrzuta.pl\/audio\/9pLPKfy9ADm\/uroczysty_dzien_i_komunii\" target=\"_blank\" rel=\"noopener noreferrer\">http:\/\/jagoda613.wrzuta.pl\/<\/a><\/strong><\/span><a href=\"http:\/\/jagoda613.wrzuta.pl\/audio\/9pLPKfy9ADm\/uroczysty_dzien_i_komunii\" target=\"_blank\" rel=\"noopener noreferrer\"><wbr \/><wbr \/><wbr \/><wbr \/><wbr \/><wbr \/><wbr \/><wbr \/><wbr \/><wbr \/><wbr \/><wbr \/><wbr \/><span style=\"font-size: 14px;\"><strong>audio\/9pLPKfy9ADm\/uroczysty_<\/strong><\/span><wbr \/><\/a><span style=\"font-size: 14px;\"><strong><a href=\"http:\/\/jagoda613.wrzuta.pl\/audio\/9pLPKfy9ADm\/uroczysty_dzien_i_komunii\" target=\"_blank\" rel=\"noopener noreferrer\">dzien_i_komunii<\/a><br \/>\n<a href=\"http:\/\/www.youtube.com\/watch?v=MqFuuud3Lug\" target=\"_blank\" rel=\"noopener noreferrer\">http:\/\/www.youtube.com\/watch?<\/a><\/strong><\/span><a href=\"http:\/\/www.youtube.com\/watch?v=MqFuuud3Lug\" target=\"_blank\" rel=\"noopener noreferrer\"><wbr \/><\/a><span style=\"font-size: 14px;\"><strong><a href=\"http:\/\/www.youtube.com\/watch?v=MqFuuud3Lug\" target=\"_blank\" rel=\"noopener noreferrer\">v=MqFuuud3Lug<\/a><br \/>\nCOM\u00a0 PRZYRZEK\u0141 BOGU PRZY CHRZCIE RAZ<br \/>\n<a href=\"http:\/\/www.youtube.com\/watch?v=o4jefwuSg_E\" target=\"_blank\" rel=\"noopener noreferrer\">http:\/\/www.youtube.com\/watch?<\/a><\/strong><\/span><a href=\"http:\/\/www.youtube.com\/watch?v=o4jefwuSg_E\" target=\"_blank\" rel=\"noopener noreferrer\"><wbr \/><\/a><span style=\"font-size: 14px;\"><strong><a href=\"http:\/\/www.youtube.com\/watch?v=o4jefwuSg_E\" target=\"_blank\" rel=\"noopener noreferrer\">v=o4jefwuSg_E<\/a><br \/>\nWY JESTE\u015aCIE NA ZIEMI<br \/>\n<a href=\"http:\/\/www.youtube.com\/watch?v=4b9ADJuykRw\" target=\"_blank\" rel=\"noopener noreferrer\">http:\/\/www.youtube.com\/watch?<\/a><\/strong><\/span><a href=\"http:\/\/www.youtube.com\/watch?v=4b9ADJuykRw\" target=\"_blank\" rel=\"noopener noreferrer\"><wbr \/><\/a><span style=\"font-size: 14px;\"><strong><a href=\"http:\/\/www.youtube.com\/watch?v=4b9ADJuykRw\" target=\"_blank\" rel=\"noopener noreferrer\">v=4b9ADJuykRw<\/a><br \/>\nO JEZU W HOSTI UTAJONY MOJE SERCE<br \/>\n<a href=\"http:\/\/klavierspieler.wrzuta.pl\/audio\/0qJLotPhHk5\/o_jezu_w_hostii_utajony_-_wersja_piano_kurzweil_-_pawel_melon\" target=\"_blank\" rel=\"noopener noreferrer\">http:\/\/klavierspieler.wrzuta.<\/a><\/strong><\/span><a href=\"http:\/\/klavierspieler.wrzuta.pl\/audio\/0qJLotPhHk5\/o_jezu_w_hostii_utajony_-_wersja_piano_kurzweil_-_pawel_melon\" target=\"_blank\" rel=\"noopener noreferrer\"><wbr \/><wbr \/><wbr \/><wbr \/><wbr \/><wbr \/><wbr \/><wbr \/><wbr \/><wbr \/><wbr \/><wbr \/><wbr \/><wbr \/><wbr \/><wbr \/><wbr \/><wbr \/><wbr \/><wbr \/><wbr \/><wbr \/><wbr \/><wbr \/><wbr \/><wbr \/><wbr \/><wbr \/><wbr \/><wbr \/><wbr \/><wbr \/><wbr \/><wbr \/><wbr \/><wbr \/><wbr \/><wbr \/><wbr \/><wbr \/><span style=\"font-size: 14px;\"><strong>pl\/audio\/0qJLotPhHk5\/o_jezu_w_<\/strong><\/span><wbr \/><span style=\"font-size: 14px;\"><strong>hostii_utajony_-_wersja_piano_<\/strong><\/span><wbr \/><\/a><span style=\"font-size: 14px;\"><strong><a href=\"http:\/\/klavierspieler.wrzuta.pl\/audio\/0qJLotPhHk5\/o_jezu_w_hostii_utajony_-_wersja_piano_kurzweil_-_pawel_melon\" target=\"_blank\" rel=\"noopener noreferrer\">kurzweil_-_pawel_melon<\/a><br \/>\n<a href=\"http:\/\/www.djoles.pl\/mp3\/pobierz\/714697,07-7-o-jezu-w-hostii-utajony.html\" target=\"_blank\" rel=\"noopener noreferrer\">http:\/\/www.djoles.pl\/mp3\/<\/a><\/strong><\/span><a href=\"http:\/\/www.djoles.pl\/mp3\/pobierz\/714697,07-7-o-jezu-w-hostii-utajony.html\" target=\"_blank\" rel=\"noopener noreferrer\"><wbr \/><wbr \/><wbr \/><wbr \/><wbr \/><wbr \/><wbr \/><wbr \/><wbr \/><wbr \/><wbr \/><wbr \/><wbr \/><wbr \/><wbr \/><wbr \/><wbr \/><wbr \/><wbr \/><wbr \/><wbr \/><wbr \/><wbr \/><wbr \/><wbr \/><wbr \/><wbr \/><wbr \/><wbr \/><wbr \/><wbr \/><wbr \/><wbr \/><wbr \/><wbr \/><wbr \/><wbr \/><wbr \/><wbr \/><wbr \/><wbr \/><wbr \/><wbr \/><wbr \/><wbr \/><wbr \/><wbr \/><wbr \/><wbr \/><wbr \/><wbr \/><wbr \/><wbr \/><wbr \/><wbr \/><wbr \/><wbr \/><wbr \/><wbr \/><wbr \/><wbr \/><wbr \/><wbr \/><wbr \/><wbr \/><wbr \/><wbr \/><wbr \/><wbr \/><wbr \/><wbr \/><wbr \/><wbr \/><wbr \/><wbr \/><wbr \/><wbr \/><wbr \/><wbr \/><wbr \/><span style=\"font-size: 14px;\"><strong>pobierz\/714697,07-7-o-jezu-w-<\/strong><\/span><wbr \/><\/a><span style=\"font-size: 14px;\"><strong><a href=\"http:\/\/www.djoles.pl\/mp3\/pobierz\/714697,07-7-o-jezu-w-hostii-utajony.html\" target=\"_blank\" rel=\"noopener noreferrer\">hostii-utajony.html<\/a><br \/>\nBARKA<br \/>\n<a href=\"http:\/\/www.youtube.com\/watch?v=mlA4lrSDugQ\" target=\"_blank\" rel=\"noopener noreferrer\">http:\/\/www.youtube.com\/watch?<\/a><\/strong><\/span><a href=\"http:\/\/www.youtube.com\/watch?v=mlA4lrSDugQ\" target=\"_blank\" rel=\"noopener noreferrer\"><wbr \/><\/a><span style=\"font-size: 14px;\"><strong><a href=\"http:\/\/www.youtube.com\/watch?v=mlA4lrSDugQ\" target=\"_blank\" rel=\"noopener noreferrer\">v=mlA4lrSDugQ<\/a><br \/>\n<a href=\"http:\/\/www.youtube.com\/watch?v=RT-qrs-5CL8\" target=\"_blank\" rel=\"noopener noreferrer\">http:\/\/www.youtube.com\/watch?<\/a><\/strong><\/span><a href=\"http:\/\/www.youtube.com\/watch?v=RT-qrs-5CL8\" target=\"_blank\" rel=\"noopener noreferrer\"><wbr \/><\/a><span style=\"font-size: 14px;\"><strong><a href=\"http:\/\/www.youtube.com\/watch?v=RT-qrs-5CL8\" target=\"_blank\" rel=\"noopener noreferrer\">v=RT-qrs-5CL8<\/a><br \/>\nC\u00d3\u017b CI JEZU DAMY<br \/>\n<a href=\"http:\/\/w370.wrzuta.pl\/audio\/aUvG8CIH6OC\/coz_ci_jezu_damy\" target=\"_blank\" rel=\"noopener noreferrer\">http:\/\/w370.wrzuta.pl\/audio\/<\/a><\/strong><\/span><a href=\"http:\/\/w370.wrzuta.pl\/audio\/aUvG8CIH6OC\/coz_ci_jezu_damy\" target=\"_blank\" rel=\"noopener noreferrer\"><wbr \/><\/a><span style=\"font-size: 14px;\"><strong><a href=\"http:\/\/w370.wrzuta.pl\/audio\/aUvG8CIH6OC\/coz_ci_jezu_damy\" target=\"_blank\" rel=\"noopener noreferrer\">aUvG8CIH6OC\/coz_ci_jezu_damy<\/a><br \/>\n<a href=\"http:\/\/www.youtube.com\/watch?v=BOJLV8-b0z8\" target=\"_blank\" rel=\"noopener noreferrer\">http:\/\/www.youtube.com\/watch?<\/a><\/strong><\/span><a href=\"http:\/\/www.youtube.com\/watch?v=BOJLV8-b0z8\" target=\"_blank\" rel=\"noopener noreferrer\"><wbr \/><\/a><span style=\"font-size: 14px;\"><strong><a href=\"http:\/\/www.youtube.com\/watch?v=BOJLV8-b0z8\" target=\"_blank\" rel=\"noopener noreferrer\">v=BOJLV8-b0z8<\/a><br \/>\nOTO JEST DZIE\u0143<br \/>\n<a href=\"http:\/\/jagoda613.wrzuta.pl\/audio\/1RTZGiZNh3a\/oto_jest_dzien\" target=\"_blank\" rel=\"noopener noreferrer\">http:\/\/jagoda613.wrzuta.pl\/<\/a><\/strong><\/span><a href=\"http:\/\/jagoda613.wrzuta.pl\/audio\/1RTZGiZNh3a\/oto_jest_dzien\" target=\"_blank\" rel=\"noopener noreferrer\"><wbr \/><wbr \/><wbr \/><wbr \/><wbr \/><wbr \/><wbr \/><wbr \/><wbr \/><wbr \/><wbr \/><wbr \/><wbr \/><wbr \/><wbr \/><wbr \/><wbr \/><wbr \/><wbr \/><wbr \/><wbr \/><wbr \/><wbr \/><wbr \/><wbr \/><wbr \/><wbr \/><wbr \/><wbr \/><wbr \/><wbr \/><wbr \/><wbr \/><wbr \/><wbr \/><wbr \/><wbr \/><wbr \/><wbr \/><wbr \/><wbr \/><wbr \/><wbr \/><wbr \/><wbr \/><wbr \/><wbr \/><wbr \/><wbr \/><wbr \/><wbr \/><wbr \/><wbr \/><wbr \/><wbr \/><wbr \/><wbr \/><wbr \/><wbr \/><wbr \/><wbr \/><wbr \/><wbr \/><wbr \/><wbr \/><wbr \/><wbr \/><wbr \/><wbr \/><wbr \/><wbr \/><wbr \/><wbr \/><wbr \/><wbr \/><wbr \/><wbr \/><wbr \/><wbr \/><wbr \/><wbr \/><wbr \/><wbr \/><wbr \/><wbr \/><wbr \/><wbr \/><wbr \/><wbr \/><wbr \/><wbr \/><wbr \/><wbr \/><wbr \/><wbr \/><wbr \/><wbr \/><wbr \/><wbr \/><wbr \/><wbr \/><wbr \/><wbr \/><wbr \/><wbr \/><wbr \/><wbr \/><wbr \/><wbr \/><wbr \/><wbr \/><wbr \/><wbr \/><wbr \/><wbr \/><wbr \/><wbr \/><wbr \/><wbr \/><wbr \/><wbr \/><wbr \/><wbr \/><wbr \/><wbr \/><wbr \/><wbr \/><wbr \/><wbr \/><wbr \/><wbr \/><wbr \/><wbr \/><wbr \/><wbr \/><wbr \/><wbr \/><wbr \/><wbr \/><wbr \/><wbr \/><wbr \/><wbr \/><wbr \/><wbr \/><wbr \/><wbr \/><span style=\"font-size: 14px;\"><strong>audio\/1RTZGiZNh3a\/oto_jest_<\/strong><\/span><wbr \/><\/a><span style=\"font-size: 14px;\"><strong><a href=\"http:\/\/jagoda613.wrzuta.pl\/audio\/1RTZGiZNh3a\/oto_jest_dzien\" target=\"_blank\" rel=\"noopener noreferrer\">dzien<\/a><br \/>\n<a href=\"http:\/\/www.youtube.com\/watch?v=Xq97K05MezI\" target=\"_blank\" rel=\"noopener noreferrer\">http:\/\/www.youtube.com\/watch?<\/a><\/strong><\/span><a href=\"http:\/\/www.youtube.com\/watch?v=Xq97K05MezI\" target=\"_blank\" rel=\"noopener noreferrer\"><wbr \/><\/a><span style=\"font-size: 14px;\"><strong><a href=\"http:\/\/www.youtube.com\/watch?v=Xq97K05MezI\" target=\"_blank\" rel=\"noopener noreferrer\">v=Xq97K05MezI<\/a><br \/>\n<a href=\"http:\/\/www.youtube.com\/watch?v=cumvmmZcH2A\" target=\"_blank\" rel=\"noopener noreferrer\">http:\/\/www.youtube.com\/watch?<\/a><\/strong><\/span><a href=\"http:\/\/www.youtube.com\/watch?v=cumvmmZcH2A\" target=\"_blank\" rel=\"noopener noreferrer\"><wbr \/><\/a><span style=\"font-size: 14px;\"><strong><a href=\"http:\/\/www.youtube.com\/watch?v=cumvmmZcH2A\" target=\"_blank\" rel=\"noopener noreferrer\">v=cumvmmZcH2A<\/a><br \/>\nPRZEPRASZAM CI\u0118 BO\u017bE SKRZYWDZONY<br \/>\n<a href=\"http:\/\/www.youtube.com\/watch?v=ctm402rL2Oo\" target=\"_blank\" rel=\"noopener noreferrer\">http:\/\/www.youtube.com\/watch?<\/a><\/strong><\/span><a href=\"http:\/\/www.youtube.com\/watch?v=ctm402rL2Oo\" target=\"_blank\" rel=\"noopener noreferrer\"><wbr \/><\/a><span style=\"font-size: 14px;\"><strong><a href=\"http:\/\/www.youtube.com\/watch?v=ctm402rL2Oo\" target=\"_blank\" rel=\"noopener noreferrer\">v=ctm402rL2Oo<\/a><br \/>\n\u015aWI\u0118TY\u2026.PAN<br \/>\n<a href=\"http:\/\/www.youtube.com\/watch?v=uPY_CXB5sEU\" target=\"_blank\" rel=\"noopener noreferrer\">http:\/\/www.youtube.com\/watch?<\/a><\/strong><\/span><a href=\"http:\/\/www.youtube.com\/watch?v=uPY_CXB5sEU\" target=\"_blank\" rel=\"noopener noreferrer\"><wbr \/><\/a><span style=\"font-size: 14px;\"><strong><a href=\"http:\/\/www.youtube.com\/watch?v=uPY_CXB5sEU\" target=\"_blank\" rel=\"noopener noreferrer\">v=uPY_CXB5sEU<\/a><br \/>\n<a href=\"http:\/\/www.youtube.com\/watch?v=-xITSyJVdDw\" target=\"_blank\" rel=\"noopener noreferrer\">http:\/\/www.youtube.com\/watch?<\/a><\/strong><\/span><a href=\"http:\/\/www.youtube.com\/watch?v=-xITSyJVdDw\" target=\"_blank\" rel=\"noopener noreferrer\"><wbr \/><\/a><span style=\"font-size: 14px;\"><strong><a href=\"http:\/\/www.youtube.com\/watch?v=-xITSyJVdDw\" target=\"_blank\" rel=\"noopener noreferrer\">v=-xITSyJVdDw<\/a><br \/>\n<a href=\"http:\/\/izabelkaz.wrzuta.pl\/audio\/7k1PUOOGBD4\/swiety_pan\" target=\"_blank\" rel=\"noopener noreferrer\">http:\/\/izabelkaz.wrzuta.pl\/<\/a><\/strong><\/span><a href=\"http:\/\/izabelkaz.wrzuta.pl\/audio\/7k1PUOOGBD4\/swiety_pan\" target=\"_blank\" rel=\"noopener noreferrer\"><wbr \/><\/a><span style=\"font-size: 14px;\"><strong><a href=\"http:\/\/izabelkaz.wrzuta.pl\/audio\/7k1PUOOGBD4\/swiety_pan\" target=\"_blank\" rel=\"noopener noreferrer\">audio\/7k1PUOOGBD4\/swiety_pan<\/a><br \/>\nPANIE DOBRY JAK CHLEB<br \/>\n<a href=\"http:\/\/jagoda613.wrzuta.pl\/audio\/2msTPoGljLG\/panie_dobry_jak_chleb\" target=\"_blank\" rel=\"noopener noreferrer\">http:\/\/jagoda613.wrzuta.pl\/<\/a><\/strong><\/span><a href=\"http:\/\/jagoda613.wrzuta.pl\/audio\/2msTPoGljLG\/panie_dobry_jak_chleb\" target=\"_blank\" rel=\"noopener noreferrer\"><wbr \/><wbr \/><wbr \/><wbr \/><wbr \/><wbr \/><wbr \/><wbr \/><wbr \/><wbr \/><wbr \/><wbr \/><wbr \/><wbr \/><wbr \/><wbr \/><wbr \/><wbr \/><wbr \/><wbr \/><wbr \/><wbr \/><wbr \/><wbr \/><wbr \/><wbr \/><wbr \/><wbr \/><wbr \/><wbr \/><wbr \/><wbr \/><wbr \/><wbr \/><wbr \/><wbr \/><wbr \/><wbr \/><wbr \/><wbr \/><wbr \/><wbr \/><wbr \/><wbr \/><wbr \/><wbr \/><wbr \/><wbr \/><wbr \/><wbr \/><wbr \/><wbr \/><wbr \/><wbr \/><wbr \/><wbr \/><wbr \/><wbr \/><wbr \/><wbr \/><wbr \/><wbr \/><wbr \/><wbr \/><wbr \/><wbr \/><wbr \/><wbr \/><wbr \/><wbr \/><wbr \/><wbr \/><wbr \/><wbr \/><wbr \/><wbr \/><wbr \/><wbr \/><wbr \/><wbr \/><wbr \/><wbr \/><wbr \/><wbr \/><wbr \/><wbr \/><wbr \/><wbr \/><wbr \/><wbr \/><wbr \/><wbr \/><wbr \/><wbr \/><wbr \/><wbr \/><wbr \/><wbr \/><wbr \/><wbr \/><wbr \/><wbr \/><wbr \/><wbr \/><wbr \/><wbr \/><wbr \/><wbr \/><wbr \/><wbr \/><wbr \/><wbr \/><wbr \/><wbr \/><wbr \/><wbr \/><wbr \/><wbr \/><wbr \/><wbr \/><wbr \/><wbr \/><wbr \/><wbr \/><wbr \/><wbr \/><wbr \/><wbr \/><wbr \/><wbr \/><wbr \/><wbr \/><wbr \/><wbr \/><wbr \/><wbr \/><wbr \/><wbr \/><wbr \/><wbr \/><wbr \/><wbr \/><wbr \/><wbr \/><wbr \/><wbr \/><wbr \/><wbr \/><wbr \/><wbr \/><wbr \/><wbr \/><wbr \/><wbr \/><wbr \/><wbr \/><wbr \/><wbr \/><wbr \/><wbr \/><wbr \/><wbr \/><wbr \/><wbr \/><wbr \/><wbr \/><wbr \/><wbr \/><wbr \/><wbr \/><wbr \/><wbr \/><wbr \/><wbr \/><wbr \/><wbr \/><wbr \/><wbr \/><wbr \/><wbr \/><wbr \/><wbr \/><wbr \/><wbr \/><wbr \/><wbr \/><wbr \/><wbr \/><wbr \/><wbr \/><wbr \/><wbr \/><wbr \/><wbr \/><wbr \/><wbr \/><wbr \/><wbr \/><wbr \/><wbr \/><wbr \/><wbr \/><wbr \/><wbr \/><wbr \/><wbr \/><wbr \/><wbr \/><wbr \/><wbr \/><wbr \/><wbr \/><wbr \/><wbr \/><wbr \/><wbr \/><wbr \/><wbr \/><wbr \/><wbr \/><wbr \/><wbr \/><wbr \/><wbr \/><wbr \/><wbr \/><wbr \/><wbr \/><wbr \/><wbr \/><wbr \/><wbr \/><wbr \/><wbr \/><wbr \/><wbr \/><wbr \/><wbr \/><wbr \/><wbr \/><wbr \/><wbr \/><wbr \/><wbr \/><wbr \/><wbr \/><wbr \/><wbr \/><wbr \/><wbr \/><span style=\"font-size: 14px;\"><strong>audio\/2msTPoGljLG\/panie_dobry_<\/strong><\/span><wbr \/><\/a><span style=\"font-size: 14px;\"><strong><a href=\"http:\/\/jagoda613.wrzuta.pl\/audio\/2msTPoGljLG\/panie_dobry_jak_chleb\" target=\"_blank\" rel=\"noopener noreferrer\">jak_chleb<\/a><br \/>\n<a href=\"http:\/\/www.youtube.com\/watch?v=eF3NKnXJyMA\" target=\"_blank\" rel=\"noopener noreferrer\">http:\/\/www.youtube.com\/watch?<\/a><\/strong><\/span><a href=\"http:\/\/www.youtube.com\/watch?v=eF3NKnXJyMA\" target=\"_blank\" rel=\"noopener noreferrer\"><wbr \/><\/a><span style=\"font-size: 14px;\"><strong><a href=\"http:\/\/www.youtube.com\/watch?v=eF3NKnXJyMA\" target=\"_blank\" rel=\"noopener noreferrer\">v=eF3NKnXJyMA<\/a><br \/>\nJEDEN CHLEB CO ZMIENIA SI\u0118<br \/>\n<a href=\"http:\/\/www.youtube.com\/watch?v=NW1hEGvehcY\" target=\"_blank\" rel=\"noopener noreferrer\">http:\/\/www.youtube.com\/watch?<\/a><\/strong><\/span><a href=\"http:\/\/www.youtube.com\/watch?v=NW1hEGvehcY\" target=\"_blank\" rel=\"noopener noreferrer\"><wbr \/><\/a><span style=\"font-size: 14px;\"><strong><a href=\"http:\/\/www.youtube.com\/watch?v=NW1hEGvehcY\" target=\"_blank\" rel=\"noopener noreferrer\">v=NW1hEGvehcY<\/a><br \/>\n<a href=\"http:\/\/aeszka.wrzuta.pl\/audio\/4SGYnKUnEvD\/jeden_chleb\" target=\"_blank\" rel=\"noopener noreferrer\">http:\/\/aeszka.wrzuta.pl\/audio\/<\/a><\/strong><\/span><a href=\"http:\/\/aeszka.wrzuta.pl\/audio\/4SGYnKUnEvD\/jeden_chleb\" target=\"_blank\" rel=\"noopener noreferrer\"><wbr \/><\/a><span style=\"font-size: 14px;\"><strong><a href=\"http:\/\/aeszka.wrzuta.pl\/audio\/4SGYnKUnEvD\/jeden_chleb\" target=\"_blank\" rel=\"noopener noreferrer\">4SGYnKUnEvD\/jeden_chleb<\/a><br \/>\n\u015aWI\u0118TA MARYJO KR\u00d3LOWO<br \/>\n<a href=\"http:\/\/www.youtube.com\/watch?v=eNLsUd74kzU\" target=\"_blank\" rel=\"noopener noreferrer\">http:\/\/www.youtube.com\/watch?<\/a><\/strong><\/span><a href=\"http:\/\/www.youtube.com\/watch?v=eNLsUd74kzU\" target=\"_blank\" rel=\"noopener noreferrer\"><wbr \/><\/a><span style=\"font-size: 14px;\"><strong><a href=\"http:\/\/www.youtube.com\/watch?v=eNLsUd74kzU\" target=\"_blank\" rel=\"noopener noreferrer\">v=eNLsUd74kzU<\/a><br \/>\nGDY KL\u0118CZE PRZED TOB\u0104<br \/>\n<a href=\"http:\/\/www.youtube.com\/watch?v=QmnT2rn9XC0\" target=\"_blank\" rel=\"noopener noreferrer\">http:\/\/www.youtube.com\/watch?<\/a><\/strong><\/span><a href=\"http:\/\/www.youtube.com\/watch?v=QmnT2rn9XC0\" target=\"_blank\" rel=\"noopener noreferrer\"><wbr \/><\/a><span style=\"font-size: 14px;\"><strong><a href=\"http:\/\/www.youtube.com\/watch?v=QmnT2rn9XC0\" target=\"_blank\" rel=\"noopener noreferrer\">v=QmnT2rn9XC0<\/a><br \/>\nNIE ZABRAKNIE MI NIGDY CHLEBA<br \/>\n<a href=\"http:\/\/www.youtube.com\/watch?v=esWpsawCptc\" target=\"_blank\" rel=\"noopener noreferrer\">http:\/\/www.youtube.com\/watch?<\/a><\/strong><\/span><a href=\"http:\/\/www.youtube.com\/watch?v=esWpsawCptc\" target=\"_blank\" rel=\"noopener noreferrer\"><wbr \/><\/a><span style=\"font-size: 14px;\"><strong><a href=\"http:\/\/www.youtube.com\/watch?v=esWpsawCptc\" target=\"_blank\" rel=\"noopener noreferrer\">v=esWpsawCptc<\/a><br \/>\n<a href=\"http:\/\/pitson0.wrzuta.pl\/audio\/1j8x0Ev0mKq\/16_-_nie_zabraknie_mi_nigdy_chleba\" target=\"_blank\" rel=\"noopener noreferrer\">http:\/\/pitson0.wrzuta.pl\/<\/a><\/strong><\/span><a href=\"http:\/\/pitson0.wrzuta.pl\/audio\/1j8x0Ev0mKq\/16_-_nie_zabraknie_mi_nigdy_chleba\" target=\"_blank\" rel=\"noopener noreferrer\"><wbr \/><wbr \/><wbr \/><wbr \/><wbr \/><wbr \/><wbr \/><wbr \/><wbr \/><wbr \/><wbr \/><wbr \/><wbr \/><wbr \/><wbr \/><wbr \/><wbr \/><wbr \/><wbr \/><wbr \/><wbr \/><wbr \/><wbr \/><wbr \/><wbr \/><wbr \/><wbr \/><wbr \/><wbr \/><wbr \/><wbr \/><wbr \/><wbr \/><wbr \/><wbr \/><wbr \/><wbr \/><wbr \/><wbr \/><wbr \/><wbr \/><wbr \/><wbr \/><wbr \/><wbr \/><wbr \/><wbr \/><wbr \/><wbr \/><wbr \/><wbr \/><wbr \/><wbr \/><wbr \/><wbr \/><wbr \/><wbr \/><wbr \/><wbr \/><wbr \/><wbr \/><wbr \/><wbr \/><wbr \/><wbr \/><wbr \/><wbr \/><wbr \/><wbr \/><wbr \/><wbr \/><wbr \/><wbr \/><wbr \/><wbr \/><wbr \/><wbr \/><wbr \/><wbr \/><wbr \/><wbr \/><wbr \/><wbr \/><wbr \/><wbr \/><wbr \/><wbr \/><wbr \/><wbr \/><wbr \/><wbr \/><wbr \/><wbr \/><wbr \/><wbr \/><wbr \/><wbr \/><wbr \/><wbr \/><wbr \/><wbr \/><wbr \/><wbr \/><wbr \/><wbr \/><wbr \/><wbr \/><wbr \/><wbr \/><wbr \/><wbr \/><wbr \/><wbr \/><wbr \/><wbr \/><wbr \/><wbr \/><wbr \/><wbr \/><wbr \/><wbr \/><wbr \/><wbr \/><wbr \/><wbr \/><wbr \/><wbr \/><wbr \/><wbr \/><wbr \/><wbr \/><wbr \/><wbr \/><wbr \/><wbr \/><wbr \/><wbr \/><wbr \/><wbr \/><wbr \/><wbr \/><wbr \/><wbr \/><wbr \/><wbr \/><wbr \/><wbr \/><wbr \/><wbr \/><wbr \/><wbr \/><wbr \/><wbr \/><wbr \/><wbr \/><wbr \/><wbr \/><wbr \/><wbr \/><wbr \/><wbr \/><wbr \/><wbr \/><wbr \/><wbr \/><wbr \/><wbr \/><wbr \/><wbr \/><wbr \/><wbr \/><wbr \/><wbr \/><wbr \/><wbr \/><wbr \/><wbr \/><wbr \/><wbr \/><wbr \/><wbr \/><wbr \/><wbr \/><wbr \/><wbr \/><wbr \/><wbr \/><wbr \/><wbr \/><wbr \/><wbr \/><wbr \/><wbr \/><wbr \/><wbr \/><wbr \/><wbr \/><wbr \/><wbr \/><wbr \/><wbr \/><wbr \/><wbr \/><wbr \/><wbr \/><wbr \/><wbr \/><wbr \/><wbr \/><wbr \/><wbr \/><wbr \/><wbr \/><wbr \/><wbr \/><wbr \/><wbr \/><wbr \/><wbr \/><wbr \/><wbr \/><wbr \/><wbr \/><wbr \/><wbr \/><wbr \/><wbr \/><wbr \/><wbr \/><wbr \/><wbr \/><wbr \/><wbr \/><wbr \/><wbr \/><wbr \/><wbr \/><wbr \/><wbr \/><wbr \/><wbr \/><wbr \/><wbr \/><wbr \/><wbr \/><wbr \/><wbr \/><wbr \/><wbr \/><wbr \/><wbr \/><wbr \/><wbr \/><wbr \/><wbr \/><wbr \/><wbr \/><wbr \/><wbr \/><wbr \/><wbr \/><wbr \/><wbr \/><wbr \/><wbr \/><wbr \/><wbr \/><wbr \/><wbr \/><wbr \/><wbr \/><wbr \/><wbr \/><wbr \/><wbr \/><wbr \/><wbr \/><wbr \/><wbr \/><wbr \/><wbr \/><wbr \/><wbr \/><wbr \/><wbr \/><wbr \/><wbr \/><wbr \/><wbr \/><wbr \/><wbr \/><wbr \/><wbr \/><wbr \/><wbr \/><wbr \/><wbr \/><wbr \/><wbr \/><wbr \/><wbr \/><wbr \/><wbr \/><wbr \/><wbr \/><wbr \/><wbr \/><wbr \/><wbr \/><wbr \/><wbr \/><wbr \/><wbr \/><wbr \/><wbr \/><wbr \/><wbr \/><wbr \/><wbr \/><wbr \/><wbr \/><wbr \/><wbr \/><wbr \/><wbr \/><wbr \/><wbr \/><wbr \/><wbr \/><wbr \/><wbr \/><wbr \/><wbr \/><wbr \/><wbr \/><wbr \/><wbr \/><wbr \/><wbr \/><wbr \/><wbr \/><wbr \/><wbr \/><wbr \/><wbr \/><wbr \/><wbr \/><wbr \/><wbr \/><wbr \/><wbr \/><wbr \/><wbr \/><wbr \/><wbr \/><wbr \/><wbr \/><wbr \/><wbr \/><wbr \/><wbr \/><wbr \/><wbr \/><wbr \/><wbr \/><wbr \/><wbr \/><wbr \/><wbr \/><wbr \/><wbr \/><wbr \/><wbr \/><wbr \/><wbr \/><wbr \/><wbr \/><wbr \/><wbr \/><wbr \/><wbr \/><wbr \/><wbr \/><wbr \/><wbr \/><wbr \/><wbr \/><wbr \/><wbr \/><wbr \/><wbr \/><wbr \/><wbr \/><wbr \/><wbr \/><span style=\"font-size: 14px;\"><strong>audio\/1j8x0Ev0mKq\/16_-_nie_<\/strong><\/span><wbr \/><span style=\"font-size: 14px;\"><strong>zabraknie_mi_nigdy_chleba<\/strong><\/span><\/a><wbr \/><wbr \/><wbr \/><wbr \/><wbr \/><wbr \/><wbr \/><wbr \/><wbr \/><wbr \/><wbr \/><wbr \/><wbr \/><wbr \/><wbr \/><wbr \/><wbr \/><wbr \/><wbr \/><wbr \/><wbr \/><wbr \/><wbr \/><wbr \/><wbr \/><wbr \/><wbr \/><wbr \/><wbr \/><wbr \/><wbr \/><wbr \/><wbr \/><wbr \/><wbr \/><\/p>\n<p><wbr \/><wbr \/><wbr \/><wbr \/><wbr \/><wbr \/><wbr \/><wbr \/><wbr \/><wbr \/><wbr \/><wbr \/><wbr \/><wbr \/><wbr \/><wbr \/><wbr \/><wbr \/><wbr \/><wbr \/><wbr \/><wbr \/><wbr \/><wbr \/><wbr \/><wbr \/><wbr \/><wbr \/><wbr \/><wbr \/><wbr \/><wbr \/><wbr \/><wbr \/><wbr \/><wbr \/><wbr \/><wbr \/><wbr \/><wbr \/><wbr \/><wbr \/><wbr \/><wbr \/><wbr \/><wbr \/><wbr \/><wbr \/><wbr \/><wbr \/><wbr \/><wbr \/><wbr \/><wbr \/><wbr \/><wbr \/><wbr \/><wbr \/><wbr \/><wbr \/><wbr \/><wbr \/><wbr \/><wbr \/><wbr \/><wbr \/><wbr \/><wbr \/><wbr \/><wbr \/><wbr \/><wbr \/><wbr \/><wbr \/><wbr \/><wbr \/><wbr \/><wbr \/><wbr \/><wbr \/><wbr \/><wbr \/><wbr \/><wbr \/><wbr \/><wbr \/><wbr \/><wbr \/><wbr \/><wbr \/><wbr \/><wbr \/><wbr \/><wbr \/><wbr \/><wbr \/><wbr \/><wbr \/><wbr \/><wbr \/><wbr \/><wbr \/><wbr \/><wbr \/><wbr \/><wbr \/><wbr \/><wbr \/><wbr \/><wbr \/><wbr \/><wbr \/><wbr \/><wbr \/><wbr \/><wbr \/><wbr \/><wbr \/><wbr \/><wbr \/><wbr \/><wbr \/><wbr \/><wbr \/><wbr \/><wbr \/><wbr \/><wbr \/><wbr \/><wbr \/><wbr \/><wbr \/><wbr \/><wbr \/><wbr \/><wbr \/><wbr \/><wbr \/><wbr \/><\/p>\n<p><wbr \/><wbr \/><wbr \/><wbr \/><wbr \/><wbr \/><wbr \/><wbr \/><wbr \/><wbr \/><wbr \/><wbr \/><wbr \/><wbr \/><wbr \/><wbr \/><wbr \/><wbr \/><wbr \/><wbr \/><wbr \/><wbr \/><wbr \/><wbr \/><wbr \/><wbr \/><wbr \/><wbr \/><wbr \/><wbr \/><wbr \/><wbr \/><wbr \/><wbr \/><wbr \/><wbr \/><wbr \/><wbr \/><wbr \/><wbr \/><wbr \/><wbr \/><wbr \/><wbr \/><wbr \/><wbr \/><wbr \/><wbr \/><wbr \/><wbr \/><wbr \/><wbr \/><wbr \/><wbr \/><wbr \/><wbr \/><wbr \/><wbr \/><wbr \/><wbr \/><wbr \/><wbr \/><wbr \/><wbr \/><wbr \/><wbr \/><wbr \/><wbr \/><wbr \/><wbr \/><wbr \/><wbr \/><wbr \/><wbr \/><wbr \/><wbr \/><wbr \/><wbr \/><wbr \/><wbr \/><wbr \/><wbr \/><wbr \/><wbr \/><wbr \/><wbr \/><wbr \/><wbr \/><wbr \/><wbr \/><wbr \/><wbr \/><wbr \/><wbr \/><wbr \/><wbr \/><wbr \/><wbr \/><wbr \/><wbr \/><wbr \/><wbr \/><wbr \/><wbr \/><wbr \/><wbr \/><wbr \/><wbr \/><wbr \/><wbr \/><wbr \/><wbr \/><wbr \/><wbr \/><wbr \/><wbr \/><wbr \/><wbr \/><wbr \/><wbr \/><wbr \/><wbr \/><wbr \/><wbr \/><wbr \/><wbr \/><wbr \/><wbr \/><wbr \/><wbr \/><wbr \/><wbr \/><wbr \/><wbr \/><wbr \/><wbr \/><wbr \/><wbr \/><wbr \/><\/p>\n<p><wbr \/><wbr \/><wbr \/><wbr \/><wbr \/><wbr \/><wbr \/><wbr \/><wbr \/><wbr \/><wbr \/><wbr \/><wbr \/><wbr \/><wbr \/><wbr \/><wbr \/><wbr \/><wbr \/><wbr \/><wbr \/><wbr \/><wbr \/><wbr \/><wbr \/><wbr \/><wbr \/><wbr \/><wbr \/><wbr \/><wbr \/><wbr \/><wbr \/><wbr \/><wbr \/><\/p>\n<p><wbr \/><wbr \/><wbr \/><wbr \/><wbr \/><wbr \/><wbr \/><wbr \/><wbr \/><wbr \/><wbr \/><wbr \/><wbr \/><wbr \/><wbr \/><wbr \/><wbr \/><wbr \/><wbr \/><wbr \/><wbr \/><wbr \/><wbr \/><wbr \/><wbr \/><wbr \/><wbr \/><wbr \/><wbr \/><wbr \/><wbr \/><wbr \/><wbr \/><wbr \/><wbr \/><\/p>\n","protected":false},"excerpt":{"rendered":"<p>Przygotowanie odbywa si\u0119 w domu (wsp\u00f3lna modlitwa z rodzicami, przekazywanie wiary), w ko\u015bciele (niedzielna Eucharystia o godz. 12:30) i w szkole (katecheza). Propozycje \u015bpiewu na uroczysto\u015b\u0107 I Komunii JEZIORO GENEZARET http:\/\/w851.wrzuta.pl\/audio\/5hPB4N8XRdq\/jezioro_genezaret_-_zesp_stokrotki_-_piesni_religijne http:\/\/www.youtube.com\/watch?v=j7MJXJmCmvY UROCZYSTY DZIE\u0143 KOMUNII http:\/\/jagoda613.wrzuta.pl\/audio\/9pLPKfy9ADm\/uroczysty_dzien_i_komunii http:\/\/www.youtube.com\/watch?v=MqFuuud3Lug COM\u00a0 PRZYRZEK\u0141 BOGU PRZY CHRZCIE RAZ http:\/\/www.youtube.com\/watch?v=o4jefwuSg_E WY JESTE\u015aCIE NA ZIEMI http:\/\/www.youtube.com\/watch?v=4b9ADJuykRw O JEZU W HOSTI UTAJONY MOJE [&hellip;]<\/p>\n","protected":false},"author":228,"featured_media":0,"parent":233,"menu_order":4,"comment_status":"closed","ping_status":"closed","template":"","meta":{"ngg_post_thumbnail":0,"footnotes":""},"class_list":["post-3554","page","type-page","status-publish","hentry"],"aioseo_notices":[],"_links":{"self":[{"href":"https:\/\/ateny.jezuici.pl\/index.php?rest_route=\/wp\/v2\/pages\/3554","targetHints":{"allow":["GET"]}}],"collection":[{"href":"https:\/\/ateny.jezuici.pl\/index.php?rest_route=\/wp\/v2\/pages"}],"about":[{"href":"https:\/\/ateny.jezuici.pl\/index.php?rest_route=\/wp\/v2\/types\/page"}],"author":[{"embeddable":true,"href":"https:\/\/ateny.jezuici.pl\/index.php?rest_route=\/wp\/v2\/users\/228"}],"replies":[{"embeddable":true,"href":"https:\/\/ateny.jezuici.pl\/index.php?rest_route=%2Fwp%2Fv2%2Fcomments&post=3554"}],"version-history":[{"count":4,"href":"https:\/\/ateny.jezuici.pl\/index.php?rest_route=\/wp\/v2\/pages\/3554\/revisions"}],"predecessor-version":[{"id":8360,"href":"https:\/\/ateny.jezuici.pl\/index.php?rest_route=\/wp\/v2\/pages\/3554\/revisions\/8360"}],"up":[{"embeddable":true,"href":"https:\/\/ateny.jezuici.pl\/index.php?rest_route=\/wp\/v2\/pages\/233"}],"wp:attachment":[{"href":"https:\/\/ateny.jezuici.pl\/index.php?rest_route=%2Fwp%2Fv2%2Fmedia&parent=3554"}],"curies":[{"name":"wp","href":"https:\/\/api.w.org\/{rel}","templated":true}]}}