{"id":290,"date":"2011-03-19T21:12:31","date_gmt":"2011-03-19T21:12:31","guid":{"rendered":"http:\/\/www.ateny.deon.pl\/?page_id=290"},"modified":"2024-06-13T10:09:36","modified_gmt":"2024-06-13T07:09:36","slug":"msze-sw-i-nabozenstwa","status":"publish","type":"page","link":"https:\/\/ateny.jezuici.pl\/?page_id=290","title":{"rendered":"Msze \u015bw. i nabo\u017ce\u0144stwa"},"content":{"rendered":"<table style=\"width: 99%\" border=\"0\" cellspacing=\"0\" cellpadding=\"0\">\n<tbody>\n<tr>\n<td>\n<table style=\"width: 745px;height: 394px\" border=\"1\" cellpadding=\"0\">\n<tbody>\n<tr>\n<td style=\"width: 718px;text-align: center\" colspan=\"4\">\n<h3><span style=\"color: #ff9900\"><strong>&nbsp;NIEDZIELA i \u015awi\u0119ta<br \/>\n<\/strong><\/span><\/h3>\n<\/td>\n<\/tr>\n<tr>\n<td style=\"width: 362.64px;text-align: center\" colspan=\"2\"><span style=\"color: #ff9900\"><strong>&nbsp;w j\u0119zyku polskim<br \/>\n<\/strong><\/span><\/td>\n<td style=\"width: 355.36px;text-align: center\" colspan=\"2\"><strong><span style=\"color: #ff9900\">w j\u0119zyku greckim<\/span><\/strong><\/td>\n<\/tr>\n<tr>\n<td style=\"width: 174px;text-align: center\"><span style=\"color: #ff9900\">&nbsp;sobota<\/span><\/td>\n<td style=\"width: 188.64px\"><span style=\"color: #ff9900\"><strong>&nbsp;19:00 (polsko-grecka lub grecko-polska)<br \/>\n<\/strong><\/span><\/td>\n<td style=\"width: 163.36px;text-align: center\">&nbsp;<span style=\"color: #ff9900\">sobota<\/span><\/td>\n<td style=\"width: 192px\">&nbsp;<span style=\"color: #ff9900\">19:00 (grecko-polska lub polsko-grecka)<br \/>\n<\/span><\/td>\n<\/tr>\n<tr>\n<td style=\"width: 174px;text-align: center\">&nbsp;<\/td>\n<td style=\"width: 188.64px\">&nbsp;<\/td>\n<td style=\"width: 163.36px\">&nbsp;<\/td>\n<td style=\"width: 192px\">&nbsp;<\/td>\n<\/tr>\n<tr>\n<td style=\"width: 174px;text-align: center\">\n<h4><span style=\"color: #ff9900\">&nbsp;niedziela<\/span><\/h4>\n<\/td>\n<td style=\"width: 188.64px\">\n<h4><span style=\"color: #ff9900\"><strong>&nbsp;&nbsp; 9:30<\/strong> <\/span><\/h4>\n<\/td>\n<td style=\"width: 163.36px\">&nbsp;<\/td>\n<td style=\"width: 192px\">&nbsp;<\/td>\n<\/tr>\n<tr>\n<td style=\"width: 174px;text-align: center\">&nbsp;<\/td>\n<td style=\"width: 188.64px\"><span style=\"color: #ff9900\"><strong>&nbsp;<\/strong><br \/>\n<\/span><\/td>\n<td style=\"width: 163.36px;text-align: center\"><span style=\"color: #ff9900\">&nbsp;niedziela<\/span><\/td>\n<td style=\"width: 192px\"><span style=\"color: #ff9900\"><strong>&nbsp;11:00<\/strong><\/span><\/td>\n<\/tr>\n<tr>\n<td style=\"width: 174px;text-align: center\"><span style=\"color: #ff9900\">&nbsp;<\/span><\/td>\n<td style=\"width: 188.64px\">\n<h4><span style=\"color: #ff9900\"><strong>&nbsp;12:30<\/strong><\/span><\/h4>\n<p><span style=\"color: #ff9900\"><strong>&nbsp;(od oko\u0142o drugiej po\u0142owy wrze\u015bnia do pierwszej po\u0142owy czerwca &#8211; dok\u0142adna informacja w og\u0142oszeniach)<\/strong><\/span><\/td>\n<td style=\"width: 163.36px\">&nbsp;<\/td>\n<td style=\"width: 192px\">&nbsp;<\/td>\n<\/tr>\n<tr>\n<td style=\"width: 174px;text-align: center\"><span style=\"color: #ff9900\">&nbsp;<\/span><\/td>\n<td style=\"width: 188.64px\">\n<h4><span style=\"color: #ff9900\"><strong>&nbsp;19:00<\/strong><\/span><\/h4>\n<\/td>\n<td style=\"width: 163.36px\">&nbsp;<\/td>\n<td style=\"width: 192px\">&nbsp;<\/td>\n<\/tr>\n<tr>\n<td style=\"width: 718px;text-align: center\" colspan=\"4\"><span style=\"color: #ff9900\"><strong>&nbsp;W DNI POWSZEDNIE<\/strong><\/span><\/td>\n<\/tr>\n<tr>\n<td style=\"width: 174px;text-align: center\"><span style=\"color: #ff9900\">&nbsp;poniedzia\u0142ek<\/span><\/td>\n<td style=\"width: 188.64px\"><span style=\"color: #ff9900\"><strong>&nbsp;19:00<br \/>\n<\/strong><\/span><\/td>\n<td style=\"width: 163.36px\">&nbsp;<\/td>\n<td style=\"width: 192px\">&nbsp;<\/td>\n<\/tr>\n<tr>\n<td style=\"width: 174px;text-align: center\"><span style=\"color: #ff9900\">&nbsp;wtorek<\/span><\/td>\n<td style=\"width: 188.64px\"><span style=\"color: #ff9900\"><strong>&nbsp;19:00<br \/>\n<\/strong><\/span><\/td>\n<td style=\"width: 163.36px\">&nbsp;<\/td>\n<td style=\"width: 192px\">&nbsp;<\/td>\n<\/tr>\n<tr>\n<td style=\"width: 174px;text-align: center\">&nbsp;<\/td>\n<td style=\"width: 188.64px\">&nbsp;<\/td>\n<td style=\"width: 163.36px;text-align: center\"><span style=\"color: #ff9900\">\u015broda<br \/>\n<\/span><\/td>\n<td style=\"width: 192px\"><strong><span style=\"color: #ff9900\">&nbsp;&#8212;&#8212;-<\/span><\/strong><\/td>\n<\/tr>\n<tr>\n<td style=\"width: 174px;text-align: center\"><span style=\"color: #ff9900\">&nbsp;czwartek<\/span><\/td>\n<td style=\"width: 188.64px\"><span style=\"color: #ff9900\"><strong>&nbsp;19:00<br \/>\n<\/strong><\/span><\/td>\n<td style=\"width: 163.36px\">&nbsp;<\/td>\n<td style=\"width: 192px\">&nbsp;<\/td>\n<\/tr>\n<tr>\n<td style=\"width: 174px;text-align: center\">&nbsp;<\/td>\n<td style=\"width: 188.64px\">&nbsp;<\/td>\n<td style=\"width: 163.36px;text-align: center\"><span style=\"color: #ff9900\">&nbsp;pi\u0105tek<\/span><\/td>\n<td style=\"width: 192px\"><strong><span style=\"color: #ff9900\">&nbsp;19:00<\/span><\/strong><\/td>\n<\/tr>\n<\/tbody>\n<\/table>\n<\/td>\n<\/tr>\n<\/tbody>\n<\/table>\n<p><span style=\"color: #ff9900\">&nbsp;<\/span><span style=\"color: #ff9900\"><strong>Adoracja Naj\u015bwi\u0119tszego Sakramentu<\/strong> <\/span>w niedziel\u0119 i poniedzia\u0142ek o 18:00.<\/p>\n<p>&nbsp;<span style=\"color: #ff9900\"><strong>R\u00f3\u017caniec<\/strong><\/span> w niedziel\u0119 o 8:45.<\/p>\n<h3><span style=\"color: #ff9900\"><strong>Spowiadamy<\/strong><\/span> zwykle p\u00f3\u0142 godziny przed ka\u017cd\u0105 msz\u0105 w j\u0119zyku polskim.&nbsp;<\/h3>\n","protected":false},"excerpt":{"rendered":"<p>&nbsp;NIEDZIELA i \u015awi\u0119ta &nbsp;w j\u0119zyku polskim w j\u0119zyku greckim &nbsp;sobota &nbsp;19:00 (polsko-grecka lub grecko-polska) &nbsp;sobota &nbsp;19:00 (grecko-polska lub polsko-grecka) &nbsp; &nbsp; &nbsp; &nbsp; &nbsp;niedziela &nbsp;&nbsp; 9:30 &nbsp; &nbsp; &nbsp; &nbsp; &nbsp;niedziela &nbsp;11:00 &nbsp; &nbsp;12:30 &nbsp;(od oko\u0142o drugiej po\u0142owy wrze\u015bnia do pierwszej po\u0142owy czerwca &#8211; dok\u0142adna informacja w og\u0142oszeniach) &nbsp; &nbsp; &nbsp; &nbsp;19:00 &nbsp; &nbsp; &nbsp;W [&hellip;]<\/p>\n","protected":false},"author":228,"featured_media":0,"parent":233,"menu_order":1,"comment_status":"closed","ping_status":"closed","template":"onecolumn-page.php","meta":{"ngg_post_thumbnail":0,"footnotes":""},"class_list":["post-290","page","type-page","status-publish","hentry"],"aioseo_notices":[],"_links":{"self":[{"href":"https:\/\/ateny.jezuici.pl\/index.php?rest_route=\/wp\/v2\/pages\/290","targetHints":{"allow":["GET"]}}],"collection":[{"href":"https:\/\/ateny.jezuici.pl\/index.php?rest_route=\/wp\/v2\/pages"}],"about":[{"href":"https:\/\/ateny.jezuici.pl\/index.php?rest_route=\/wp\/v2\/types\/page"}],"author":[{"embeddable":true,"href":"https:\/\/ateny.jezuici.pl\/index.php?rest_route=\/wp\/v2\/users\/228"}],"replies":[{"embeddable":true,"href":"https:\/\/ateny.jezuici.pl\/index.php?rest_route=%2Fwp%2Fv2%2Fcomments&post=290"}],"version-history":[{"count":22,"href":"https:\/\/ateny.jezuici.pl\/index.php?rest_route=\/wp\/v2\/pages\/290\/revisions"}],"predecessor-version":[{"id":9621,"href":"https:\/\/ateny.jezuici.pl\/index.php?rest_route=\/wp\/v2\/pages\/290\/revisions\/9621"}],"up":[{"embeddable":true,"href":"https:\/\/ateny.jezuici.pl\/index.php?rest_route=\/wp\/v2\/pages\/233"}],"wp:attachment":[{"href":"https:\/\/ateny.jezuici.pl\/index.php?rest_route=%2Fwp%2Fv2%2Fmedia&parent=290"}],"curies":[{"name":"wp","href":"https:\/\/api.w.org\/{rel}","templated":true}]}}