{"id":2790,"date":"2011-10-07T07:11:05","date_gmt":"2011-10-07T07:11:05","guid":{"rendered":"http:\/\/www.ateny.deon.pl\/?page_id=2790"},"modified":"2015-03-03T14:00:08","modified_gmt":"2015-03-03T14:00:08","slug":"tinos","status":"publish","type":"page","link":"https:\/\/ateny.jezuici.pl\/?page_id=2790","title":{"rendered":"Tinos"},"content":{"rendered":"<p>W\u00a0lipcu 26.osobowa grupa dzieci z\u00a0naszej parafii uczestniczy\u0142a w\u00a0dziesi\u0119ciodniowych rekolekcjach wakacyjnych.<\/p>\n<p>\u201eWakacje z\u00a0Bogiem\u201d mia\u0142y miejsce w\u00a0o\u015brodku rekolekcyjnym prowadzonym przez ks. Franciszka Vidalisa na wyspie Tinos.<\/p>\n<p>Przewodniczyli im dwaj ksi\u0119\u017ca z\u00a0diecezji tarnowskiej &#8211; ks. Dariusz Dziedziak i\u00a0ks. Daniel Czerwie\u0144.<\/p>\n<p>Opiek\u0119 nad uczestnikami wyjazdu sprawowa\u0142y w\u00a0ramach wolontariatu pani Jolanta Bienia i\u00a0Marta Rachwa\u0142.<\/p>\n<p>&nbsp;<\/p>\n","protected":false},"excerpt":{"rendered":"<p>W\u00a0lipcu 26.osobowa grupa dzieci z\u00a0naszej parafii uczestniczy\u0142a w\u00a0dziesi\u0119ciodniowych rekolekcjach wakacyjnych. \u201eWakacje z\u00a0Bogiem\u201d mia\u0142y miejsce w\u00a0o\u015brodku rekolekcyjnym prowadzonym przez ks. Franciszka Vidalisa na wyspie Tinos. Przewodniczyli im dwaj ksi\u0119\u017ca z\u00a0diecezji tarnowskiej &#8211; ks. Dariusz Dziedziak i\u00a0ks. Daniel Czerwie\u0144. Opiek\u0119 nad uczestnikami wyjazdu sprawowa\u0142y w\u00a0ramach wolontariatu pani Jolanta Bienia i\u00a0Marta Rachwa\u0142. &nbsp;<\/p>\n","protected":false},"author":228,"featured_media":0,"parent":392,"menu_order":94,"comment_status":"closed","ping_status":"closed","template":"onecolumn-page.php","meta":{"ngg_post_thumbnail":0,"footnotes":""},"class_list":["post-2790","page","type-page","status-publish","hentry"],"aioseo_notices":[],"_links":{"self":[{"href":"https:\/\/ateny.jezuici.pl\/index.php?rest_route=\/wp\/v2\/pages\/2790","targetHints":{"allow":["GET"]}}],"collection":[{"href":"https:\/\/ateny.jezuici.pl\/index.php?rest_route=\/wp\/v2\/pages"}],"about":[{"href":"https:\/\/ateny.jezuici.pl\/index.php?rest_route=\/wp\/v2\/types\/page"}],"author":[{"embeddable":true,"href":"https:\/\/ateny.jezuici.pl\/index.php?rest_route=\/wp\/v2\/users\/228"}],"replies":[{"embeddable":true,"href":"https:\/\/ateny.jezuici.pl\/index.php?rest_route=%2Fwp%2Fv2%2Fcomments&post=2790"}],"version-history":[{"count":0,"href":"https:\/\/ateny.jezuici.pl\/index.php?rest_route=\/wp\/v2\/pages\/2790\/revisions"}],"up":[{"embeddable":true,"href":"https:\/\/ateny.jezuici.pl\/index.php?rest_route=\/wp\/v2\/pages\/392"}],"wp:attachment":[{"href":"https:\/\/ateny.jezuici.pl\/index.php?rest_route=%2Fwp%2Fv2%2Fmedia&parent=2790"}],"curies":[{"name":"wp","href":"https:\/\/api.w.org\/{rel}","templated":true}]}}