{"id":24,"date":"2011-03-17T14:57:52","date_gmt":"2011-03-17T14:57:52","guid":{"rendered":"http:\/\/www.ateny.deon.pl\/?page_id=24"},"modified":"2014-02-08T16:23:46","modified_gmt":"2014-02-08T16:23:46","slug":"grupa-maryjna","status":"publish","type":"page","link":"https:\/\/ateny.jezuici.pl\/?page_id=24","title":{"rendered":"Jasnog\u00f3rska Rodzina R\u00f3\u017ca\u0144cowa"},"content":{"rendered":"<p><span style=\"color: #ff9900;\"><strong><a href=\"https:\/\/ateny.jezuici.pl\/files\/2011\/03\/Grupa-Maryjna-1.jpg\"><img loading=\"lazy\" decoding=\"async\" class=\"aligncenter size-full wp-image-271\" title=\"Grupa Maryjna (1)\" alt=\"\" src=\"https:\/\/ateny.jezuici.pl\/files\/2011\/03\/Grupa-Maryjna-1.jpg\" width=\"600\" height=\"399\" srcset=\"https:\/\/ateny.jezuici.pl\/files\/2011\/03\/Grupa-Maryjna-1.jpg 600w, https:\/\/ateny.jezuici.pl\/files\/2011\/03\/Grupa-Maryjna-1-300x199.jpg 300w\" sizes=\"auto, (max-width: 600px) 100vw, 600px\" \/><\/a><\/strong><\/span><\/p>\n<p style=\"text-align: center;\">\n<p style=\"text-align: center;\">\n<p><strong><span style=\"color: #ff9900;\">Jasnog\u00f3rska Rodzina R\u00f3\u017ca\u0144cowa<\/span><\/strong> spotyka si\u0119 w drug\u0105 niedziel\u0119 miesi\u0105ca po Mszy \u015bw. o godz. 9:30.<\/p>\n<p style=\"text-align: justify;\"><a href=\"https:\/\/ateny.jezuici.pl\/files\/2011\/03\/Madonna-Gif.gif\"><img loading=\"lazy\" decoding=\"async\" class=\"alignleft size-full wp-image-279\" title=\"Madonna Gif\" alt=\"\" src=\"https:\/\/ateny.jezuici.pl\/files\/2011\/03\/Madonna-Gif.gif\" width=\"261\" height=\"402\" srcset=\"https:\/\/ateny.jezuici.pl\/files\/2011\/03\/Madonna-Gif.gif 261w, https:\/\/ateny.jezuici.pl\/files\/2011\/03\/Madonna-Gif-194x300.gif 194w\" sizes=\"auto, (max-width: 261px) 100vw, 261px\" \/><\/a> \u00a0 <strong><span style=\"color: #ff9900;\">\u015awiadectwo:<\/span><\/strong> Zupe\u0142nie przypadkowo, 25 marca 2002 roku, dosta\u0142 si\u0119 w moje r\u0119ce jeden z numer\u00f3w \u201eRycerza Niepokalanej\u201d. Czytaj\u0105c go, natrafi\u0142am na statuty Jasnog\u00f3rskiej Rodziny R\u00f3\u017ca\u0144cowej. Zainteresowa\u0142am si\u0119 do g\u0142\u0119bi ich tre\u015bci\u0105. Narodzi\u0142 si\u0119 pomys\u0142 za\u0142o\u017cenia Grupy Maryjnej przy naszym ko\u015bciele w Atenach. Podzieli\u0142am si\u0119 tym pomys\u0142em z ks. Jerzym Koniecznym. By\u0142am zaskoczona, poniewa\u017c t\u0119 sam\u0105 my\u015bl mia\u0142 r\u00f3wnie\u017c ks. Jerzy, kt\u00f3ry w tym samym czasie, co ja, czyta\u0142 ten sam numer \u201eRycerza Niepokalanej\u201d. Za\u0142o\u017cyli\u015bmy ksi\u0119g\u0119 Jasnog\u00f3rskiej Rodziny R\u00f3\u017ca\u0144cowej, do kt\u00f3rej wpisa\u0142o si\u0119 160 os\u00f3b zarejestrowanych na Jasnej G\u00f3rze. Wszyscy otrzymali\u015bmy statuty tej Rodziny, kt\u00f3re by\u0142y pob\u0142ogos\u0142awione przez Jana Paw\u0142a II i proboszcza naszej parafii. Spotkania Jasnog\u00f3rskiej Rodziny R\u00f3\u017ca\u0144cowej rozpocz\u0119\u0142y si\u0119 i odbywaj\u0105 w ka\u017cd\u0105 trzeci\u0105 niedziel\u0119 miesi\u0105ca o godz. 10.00 zaraz po Mszy \u015bw. porannej. Modlimy si\u0119 r\u00f3\u017ca\u0144cem w intencji papie\u017ca, ojczyzny i naszych rodzin. Rozwa\u017camy tajemnice r\u00f3\u017ca\u0144cowe, tematy zwi\u0105zane z \u017cyciem Ko\u015bcio\u0142a, a w ostatnim roku tematy zwi\u0105zane z Rokiem Eucharystycznym. W tamtym te\u017c czasie narodzi\u0142 si\u0119 pomys\u0142 \u201eR\u00f3\u017ca\u0144ca Pokoju\u201d. Modlitw\u0119 r\u00f3\u017ca\u0144cow\u0105 prowadzono 30 marca 2003 roku w pierwsz\u0105 niedziel\u0119 po Zwiastowaniu NMP. Podczas wystawienia Naj\u015bwi\u0119tszego Sakramentu modlono si\u0119 w intencji pokoju, a po modlitwie rozdano 500 r\u00f3\u017ca\u0144c\u00f3w i za\u0142o\u017cono ksi\u0119g\u0119 pami\u0105tkow\u0105. Przy tej okazji zebrano 1130 euro dla potrzebuj\u0105cych w Iraku, zakupiono leki oraz artyku\u0142y pierwszej potrzeby. Nie wystarczy\u0142y spotkania miesi\u0119czne. Wynik\u0142a potrzeba spotykania si\u0119 cz\u0119\u015bciej, tym bardziej \u017ce wielu Polak\u00f3w w Grecji potrzebuje pomocy Maryi w rozwi\u0105zywaniu swoich codziennych problem\u00f3w. I tak powsta\u0142a Grupa Maryjna spotykaj\u0105ca si\u0119 co sobot\u0119 o godz. 19.00. Opiek\u0119 duchow\u0105 nad grup\u0105 sprawuje o. Krzysztof Homa. By\u0142 czas w\u0119dr\u00f3wek duchowych po sanktuariach \u015bwiata i Polski, by\u0142 czas zatrzymania si\u0119 nad tekstami z Pisma \u015bw. dotycz\u0105cymi Maryi i by\u0142 czas rozwa\u017ca\u0144 roku liturgicznego. Grupa stara si\u0119 wychodzi\u0107 w stron\u0119 problem\u00f3w Polak\u00f3w mieszkaj\u0105cych w Atenach, nios\u0105c im pomoc duchow\u0105 i materialn\u0105. Czasem pomagamy w za\u0142atwianiu pracy, mieszkania, czasem odwiedzamy chorych. W Roku R\u00f3\u017ca\u0144ca 2002-2003 poruszy\u0142 nas apel Ojca \u015awi\u0119tego Jana Paw\u0142a II, kt\u00f3ry nawo\u0142ywa\u0142 do odmawiania i rozwa\u017cania tajemnic r\u00f3\u017ca\u0144cowych. Od tej pory w naszym ko\u015bciele prowadzony jest r\u00f3\u017caniec we wtorek o godz. 18.30 i w niedziel\u0119 o godz. 9:00. Jako dzieci Maryi odczuwamy Jej obecno\u015b\u0107 w naszym \u017cyciu. Otrzymujemy wiele \u0142ask za Jej po\u015brednictwem. B\u0119d\u0105c animatork\u0105 Jasnog\u00f3rskiej Rodziny R\u00f3\u017ca\u0144cowej i Grupy Maryjnej, r\u00f3wnie\u017c do\u015bwiadczam przez r\u00f3\u017caniec i modlitw\u0119 wiele \u0142ask w rozwi\u0105zywaniu moich problem\u00f3w. Dzi\u0119kuj\u0119 Jasnog\u00f3rskiej Pani, \u017ce jest razem z nami: \u201eMaryjo, czuwaj nad nami, opiekuj si\u0119 nami i b\u0105d\u017a z nami w ka\u017cdy czas\u201d. Kazimiera Rzadkosz<\/p>\n","protected":false},"excerpt":{"rendered":"<p>Jasnog\u00f3rska Rodzina R\u00f3\u017ca\u0144cowa spotyka si\u0119 w drug\u0105 niedziel\u0119 miesi\u0105ca po Mszy \u015bw. o godz. 9:30. \u00a0 \u015awiadectwo: Zupe\u0142nie przypadkowo, 25 marca 2002 roku, dosta\u0142 si\u0119 w moje r\u0119ce jeden z numer\u00f3w \u201eRycerza Niepokalanej\u201d. Czytaj\u0105c go, natrafi\u0142am na statuty Jasnog\u00f3rskiej Rodziny R\u00f3\u017ca\u0144cowej. Zainteresowa\u0142am si\u0119 do g\u0142\u0119bi ich tre\u015bci\u0105. Narodzi\u0142 si\u0119 pomys\u0142 za\u0142o\u017cenia Grupy Maryjnej przy naszym [&hellip;]<\/p>\n","protected":false},"author":228,"featured_media":273,"parent":2,"menu_order":5,"comment_status":"closed","ping_status":"closed","template":"onecolumn-page.php","meta":{"ngg_post_thumbnail":0,"footnotes":""},"class_list":["post-24","page","type-page","status-publish","has-post-thumbnail","hentry"],"aioseo_notices":[],"_links":{"self":[{"href":"https:\/\/ateny.jezuici.pl\/index.php?rest_route=\/wp\/v2\/pages\/24","targetHints":{"allow":["GET"]}}],"collection":[{"href":"https:\/\/ateny.jezuici.pl\/index.php?rest_route=\/wp\/v2\/pages"}],"about":[{"href":"https:\/\/ateny.jezuici.pl\/index.php?rest_route=\/wp\/v2\/types\/page"}],"author":[{"embeddable":true,"href":"https:\/\/ateny.jezuici.pl\/index.php?rest_route=\/wp\/v2\/users\/228"}],"replies":[{"embeddable":true,"href":"https:\/\/ateny.jezuici.pl\/index.php?rest_route=%2Fwp%2Fv2%2Fcomments&post=24"}],"version-history":[{"count":0,"href":"https:\/\/ateny.jezuici.pl\/index.php?rest_route=\/wp\/v2\/pages\/24\/revisions"}],"up":[{"embeddable":true,"href":"https:\/\/ateny.jezuici.pl\/index.php?rest_route=\/wp\/v2\/pages\/2"}],"wp:featuredmedia":[{"embeddable":true,"href":"https:\/\/ateny.jezuici.pl\/index.php?rest_route=\/wp\/v2\/media\/273"}],"wp:attachment":[{"href":"https:\/\/ateny.jezuici.pl\/index.php?rest_route=%2Fwp%2Fv2%2Fmedia&parent=24"}],"curies":[{"name":"wp","href":"https:\/\/api.w.org\/{rel}","templated":true}]}}