{"id":1946,"date":"2011-05-04T06:09:45","date_gmt":"2011-05-04T06:09:45","guid":{"rendered":"http:\/\/www.ateny.deon.pl\/?page_id=1946"},"modified":"2015-03-03T13:53:23","modified_gmt":"2015-03-03T13:53:23","slug":"3-maja","status":"publish","type":"page","link":"https:\/\/ateny.jezuici.pl\/?page_id=1946","title":{"rendered":"3 maja"},"content":{"rendered":"<p style=\"text-align: center;\"><span style=\"color: #(color);\"><span style=\"font-size: 18px;\"><span style=\"font-family: verdana,geneva,sans-serif;\">3 maja to szczeg\u00f3lny dzie\u0144 dla Polak\u00f3w i katolik\u00f3w. Obchodzimy \u00a0wtedy dzie\u0144 Naj\u015bwi\u0119tszej Maryi Panny Kr\u00f3lowej Polski\u00a0 oraz narodowe \u015bwi\u0119to- rocznic\u0119 uchwalenia pierwszej konstytucji RP.<\/span><\/span><\/span><\/p>\n\n\t\t<style type=\"text\/css\">\n\t\t\t#gallery-1 {\n\t\t\t\tmargin: auto;\n\t\t\t}\n\t\t\t#gallery-1 .gallery-item {\n\t\t\t\tfloat: left;\n\t\t\t\tmargin-top: 10px;\n\t\t\t\ttext-align: center;\n\t\t\t\twidth: 20%;\n\t\t\t}\n\t\t\t#gallery-1 img {\n\t\t\t\tborder: 2px solid #cfcfcf;\n\t\t\t}\n\t\t\t#gallery-1 .gallery-caption {\n\t\t\t\tmargin-left: 0;\n\t\t\t}\n\t\t\t\/* see gallery_shortcode() in wp-includes\/media.php *\/\n\t\t<\/style>\n\t\t<div id='gallery-1' class='gallery galleryid-1946 gallery-columns-5 gallery-size-full'><dl class='gallery-item'>\n\t\t\t<dt class='gallery-icon landscape'>\n\t\t\t\t<a href='https:\/\/ateny.jezuici.pl\/files\/2011\/05\/Msza-za-Ojczyzn\u0119-03-maja-2011-3.jpg'><img loading=\"lazy\" decoding=\"async\" width=\"1024\" height=\"685\" src=\"https:\/\/ateny.jezuici.pl\/files\/2011\/05\/Msza-za-Ojczyzn\u0119-03-maja-2011-3.jpg\" class=\"attachment-full size-full\" alt=\"\" srcset=\"https:\/\/ateny.jezuici.pl\/files\/2011\/05\/Msza-za-Ojczyzn\u0119-03-maja-2011-3.jpg 1024w, https:\/\/ateny.jezuici.pl\/files\/2011\/05\/Msza-za-Ojczyzn\u0119-03-maja-2011-3-300x200.jpg 300w\" sizes=\"auto, (max-width: 1024px) 100vw, 1024px\" \/><\/a>\n\t\t\t<\/dt><\/dl><dl class='gallery-item'>\n\t\t\t<dt class='gallery-icon landscape'>\n\t\t\t\t<a href='https:\/\/ateny.jezuici.pl\/files\/2011\/05\/Msza-za-Ojczyzn\u0119-03-maja-2011-4.jpg'><img loading=\"lazy\" decoding=\"async\" width=\"1024\" height=\"686\" src=\"https:\/\/ateny.jezuici.pl\/files\/2011\/05\/Msza-za-Ojczyzn\u0119-03-maja-2011-4.jpg\" class=\"attachment-full size-full\" alt=\"\" srcset=\"https:\/\/ateny.jezuici.pl\/files\/2011\/05\/Msza-za-Ojczyzn\u0119-03-maja-2011-4.jpg 1024w, https:\/\/ateny.jezuici.pl\/files\/2011\/05\/Msza-za-Ojczyzn\u0119-03-maja-2011-4-300x200.jpg 300w\" sizes=\"auto, (max-width: 1024px) 100vw, 1024px\" \/><\/a>\n\t\t\t<\/dt><\/dl><dl class='gallery-item'>\n\t\t\t<dt class='gallery-icon landscape'>\n\t\t\t\t<a href='https:\/\/ateny.jezuici.pl\/files\/2011\/05\/Msza-za-Ojczyzn\u0119-03-maja-2011-5.jpg'><img loading=\"lazy\" decoding=\"async\" width=\"1024\" height=\"685\" src=\"https:\/\/ateny.jezuici.pl\/files\/2011\/05\/Msza-za-Ojczyzn\u0119-03-maja-2011-5.jpg\" class=\"attachment-full size-full\" alt=\"\" srcset=\"https:\/\/ateny.jezuici.pl\/files\/2011\/05\/Msza-za-Ojczyzn\u0119-03-maja-2011-5.jpg 1024w, https:\/\/ateny.jezuici.pl\/files\/2011\/05\/Msza-za-Ojczyzn\u0119-03-maja-2011-5-300x200.jpg 300w\" sizes=\"auto, (max-width: 1024px) 100vw, 1024px\" \/><\/a>\n\t\t\t<\/dt><\/dl><dl class='gallery-item'>\n\t\t\t<dt class='gallery-icon landscape'>\n\t\t\t\t<a href='https:\/\/ateny.jezuici.pl\/files\/2011\/05\/Msza-za-Ojczyzn\u0119-03-maja-2011-6.jpg'><img loading=\"lazy\" decoding=\"async\" width=\"1024\" height=\"685\" src=\"https:\/\/ateny.jezuici.pl\/files\/2011\/05\/Msza-za-Ojczyzn\u0119-03-maja-2011-6.jpg\" class=\"attachment-full size-full\" alt=\"\" srcset=\"https:\/\/ateny.jezuici.pl\/files\/2011\/05\/Msza-za-Ojczyzn\u0119-03-maja-2011-6.jpg 1024w, https:\/\/ateny.jezuici.pl\/files\/2011\/05\/Msza-za-Ojczyzn\u0119-03-maja-2011-6-300x200.jpg 300w\" sizes=\"auto, (max-width: 1024px) 100vw, 1024px\" \/><\/a>\n\t\t\t<\/dt><\/dl><dl class='gallery-item'>\n\t\t\t<dt class='gallery-icon landscape'>\n\t\t\t\t<a href='https:\/\/ateny.jezuici.pl\/files\/2011\/05\/Msza-za-Ojczyzn\u0119-03-maja-2011-7.jpg'><img loading=\"lazy\" decoding=\"async\" width=\"1024\" height=\"685\" src=\"https:\/\/ateny.jezuici.pl\/files\/2011\/05\/Msza-za-Ojczyzn\u0119-03-maja-2011-7.jpg\" class=\"attachment-full size-full\" alt=\"\" srcset=\"https:\/\/ateny.jezuici.pl\/files\/2011\/05\/Msza-za-Ojczyzn\u0119-03-maja-2011-7.jpg 1024w, https:\/\/ateny.jezuici.pl\/files\/2011\/05\/Msza-za-Ojczyzn\u0119-03-maja-2011-7-300x200.jpg 300w\" sizes=\"auto, (max-width: 1024px) 100vw, 1024px\" \/><\/a>\n\t\t\t<\/dt><\/dl><br style=\"clear: both\" \/><dl class='gallery-item'>\n\t\t\t<dt class='gallery-icon landscape'>\n\t\t\t\t<a href='https:\/\/ateny.jezuici.pl\/files\/2011\/05\/Msza-za-Ojczyzn\u0119-03-maja-2011-8.jpg'><img loading=\"lazy\" decoding=\"async\" width=\"1024\" height=\"685\" src=\"https:\/\/ateny.jezuici.pl\/files\/2011\/05\/Msza-za-Ojczyzn\u0119-03-maja-2011-8.jpg\" class=\"attachment-full size-full\" alt=\"\" srcset=\"https:\/\/ateny.jezuici.pl\/files\/2011\/05\/Msza-za-Ojczyzn\u0119-03-maja-2011-8.jpg 1024w, https:\/\/ateny.jezuici.pl\/files\/2011\/05\/Msza-za-Ojczyzn\u0119-03-maja-2011-8-300x200.jpg 300w\" sizes=\"auto, (max-width: 1024px) 100vw, 1024px\" \/><\/a>\n\t\t\t<\/dt><\/dl><dl class='gallery-item'>\n\t\t\t<dt class='gallery-icon portrait'>\n\t\t\t\t<a href='https:\/\/ateny.jezuici.pl\/files\/2011\/05\/Msza-za-Ojczyzn\u0119-03-maja-2011-9.jpg'><img loading=\"lazy\" decoding=\"async\" width=\"514\" height=\"768\" src=\"https:\/\/ateny.jezuici.pl\/files\/2011\/05\/Msza-za-Ojczyzn\u0119-03-maja-2011-9.jpg\" class=\"attachment-full size-full\" alt=\"\" srcset=\"https:\/\/ateny.jezuici.pl\/files\/2011\/05\/Msza-za-Ojczyzn\u0119-03-maja-2011-9.jpg 514w, https:\/\/ateny.jezuici.pl\/files\/2011\/05\/Msza-za-Ojczyzn\u0119-03-maja-2011-9-200x300.jpg 200w\" sizes=\"auto, (max-width: 514px) 100vw, 514px\" \/><\/a>\n\t\t\t<\/dt><\/dl><dl class='gallery-item'>\n\t\t\t<dt class='gallery-icon portrait'>\n\t\t\t\t<a href='https:\/\/ateny.jezuici.pl\/files\/2011\/05\/Msza-za-Ojczyzn\u0119-03-maja-2011-10.jpg'><img loading=\"lazy\" decoding=\"async\" width=\"514\" height=\"768\" src=\"https:\/\/ateny.jezuici.pl\/files\/2011\/05\/Msza-za-Ojczyzn\u0119-03-maja-2011-10.jpg\" class=\"attachment-full size-full\" alt=\"\" srcset=\"https:\/\/ateny.jezuici.pl\/files\/2011\/05\/Msza-za-Ojczyzn\u0119-03-maja-2011-10.jpg 514w, https:\/\/ateny.jezuici.pl\/files\/2011\/05\/Msza-za-Ojczyzn\u0119-03-maja-2011-10-200x300.jpg 200w\" sizes=\"auto, (max-width: 514px) 100vw, 514px\" \/><\/a>\n\t\t\t<\/dt><\/dl><dl class='gallery-item'>\n\t\t\t<dt class='gallery-icon landscape'>\n\t\t\t\t<a href='https:\/\/ateny.jezuici.pl\/files\/2011\/05\/Msza-za-Ojczyzn\u0119-03-maja-2011-1.jpg'><img loading=\"lazy\" decoding=\"async\" width=\"1024\" height=\"611\" src=\"https:\/\/ateny.jezuici.pl\/files\/2011\/05\/Msza-za-Ojczyzn\u0119-03-maja-2011-1.jpg\" class=\"attachment-full size-full\" alt=\"\" srcset=\"https:\/\/ateny.jezuici.pl\/files\/2011\/05\/Msza-za-Ojczyzn\u0119-03-maja-2011-1.jpg 1024w, https:\/\/ateny.jezuici.pl\/files\/2011\/05\/Msza-za-Ojczyzn\u0119-03-maja-2011-1-300x179.jpg 300w\" sizes=\"auto, (max-width: 1024px) 100vw, 1024px\" \/><\/a>\n\t\t\t<\/dt><\/dl><dl class='gallery-item'>\n\t\t\t<dt class='gallery-icon landscape'>\n\t\t\t\t<a href='https:\/\/ateny.jezuici.pl\/files\/2011\/05\/Msza-za-Ojczyzn\u0119-03-maja-2011-2.jpg'><img loading=\"lazy\" decoding=\"async\" width=\"1024\" height=\"685\" src=\"https:\/\/ateny.jezuici.pl\/files\/2011\/05\/Msza-za-Ojczyzn\u0119-03-maja-2011-2.jpg\" class=\"attachment-full size-full\" alt=\"\" srcset=\"https:\/\/ateny.jezuici.pl\/files\/2011\/05\/Msza-za-Ojczyzn\u0119-03-maja-2011-2.jpg 1024w, https:\/\/ateny.jezuici.pl\/files\/2011\/05\/Msza-za-Ojczyzn\u0119-03-maja-2011-2-300x200.jpg 300w\" sizes=\"auto, (max-width: 1024px) 100vw, 1024px\" \/><\/a>\n\t\t\t<\/dt><\/dl><br style=\"clear: both\" \/>\n\t\t<\/div>\n\n","protected":false},"excerpt":{"rendered":"<p>3 maja to szczeg\u00f3lny dzie\u0144 dla Polak\u00f3w i katolik\u00f3w. Obchodzimy \u00a0wtedy dzie\u0144 Naj\u015bwi\u0119tszej Maryi Panny Kr\u00f3lowej Polski\u00a0 oraz narodowe \u015bwi\u0119to- rocznic\u0119 uchwalenia pierwszej konstytucji RP.<\/p>\n","protected":false},"author":228,"featured_media":0,"parent":392,"menu_order":95,"comment_status":"closed","ping_status":"closed","template":"onecolumn-page.php","meta":{"ngg_post_thumbnail":0,"footnotes":""},"class_list":["post-1946","page","type-page","status-publish","hentry"],"aioseo_notices":[],"_links":{"self":[{"href":"https:\/\/ateny.jezuici.pl\/index.php?rest_route=\/wp\/v2\/pages\/1946","targetHints":{"allow":["GET"]}}],"collection":[{"href":"https:\/\/ateny.jezuici.pl\/index.php?rest_route=\/wp\/v2\/pages"}],"about":[{"href":"https:\/\/ateny.jezuici.pl\/index.php?rest_route=\/wp\/v2\/types\/page"}],"author":[{"embeddable":true,"href":"https:\/\/ateny.jezuici.pl\/index.php?rest_route=\/wp\/v2\/users\/228"}],"replies":[{"embeddable":true,"href":"https:\/\/ateny.jezuici.pl\/index.php?rest_route=%2Fwp%2Fv2%2Fcomments&post=1946"}],"version-history":[{"count":0,"href":"https:\/\/ateny.jezuici.pl\/index.php?rest_route=\/wp\/v2\/pages\/1946\/revisions"}],"up":[{"embeddable":true,"href":"https:\/\/ateny.jezuici.pl\/index.php?rest_route=\/wp\/v2\/pages\/392"}],"wp:attachment":[{"href":"https:\/\/ateny.jezuici.pl\/index.php?rest_route=%2Fwp%2Fv2%2Fmedia&parent=1946"}],"curies":[{"name":"wp","href":"https:\/\/api.w.org\/{rel}","templated":true}]}}