{"id":1615,"date":"2011-04-26T14:09:01","date_gmt":"2011-04-26T14:09:01","guid":{"rendered":"http:\/\/www.ateny.deon.pl\/?page_id=1615"},"modified":"2014-11-29T08:00:57","modified_gmt":"2014-11-29T08:00:57","slug":"wielki-czwartek","status":"publish","type":"page","link":"https:\/\/ateny.jezuici.pl\/?page_id=1615","title":{"rendered":"Wielki Czwartek"},"content":{"rendered":"<h2><a href=\"https:\/\/ateny.jezuici.pl\/files\/2011\/03\/wpis-Wielki-Czwartek-3.jpg\"><img loading=\"lazy\" decoding=\"async\" alt=\"\" class=\"alignleft size-medium wp-image-1535\" height=\"200\" src=\"https:\/\/ateny.jezuici.pl\/files\/2011\/03\/wpis-Wielki-Czwartek-3-300x200.jpg\" title=\"wpis-Wielki Czwartek-3\" width=\"300\" srcset=\"https:\/\/ateny.jezuici.pl\/files\/2011\/03\/wpis-Wielki-Czwartek-3-300x200.jpg 300w, https:\/\/ateny.jezuici.pl\/files\/2011\/03\/wpis-Wielki-Czwartek-3.jpg 1024w\" sizes=\"auto, (max-width: 300px) 100vw, 300px\" \/><\/a><span style=\"color: rgb(255, 140, 0);\"><strong>WIELKI CZWARTEK<br \/>\n\t<\/strong><\/span><\/h2>\n<p><span style=\"font-size: 18px;\"><span style=\"font-family: verdana,geneva,sans-serif;\">W ko\u015bcio\u0142ach parafialnych odprawia si\u0119 w <span style=\"color: rgb(255, 140, 0);\"><strong>Wielki Czwartek<\/strong><\/span> tylko jedn\u0105 msze \u015bwi\u0119t\u0105 przez ca\u0142y dzie\u0144- <span style=\"color: rgb(255, 140, 0);\"><strong>Wieczerz\u0119 Pa\u0144sk\u0105<\/strong><\/span>. Jest ona pami\u0105tk\u0105 ostatniej wieczerzy, jak\u0105 Jezus spo\u017cy\u0142 wraz ze swymi uczniami w przeddzie\u0144 Jego m\u0119ki i \u015bmierci. Tego wieczoru bior\u0105c do r\u0105k chleb i wino przemieni\u0142 je w swoje cia\u0142o i swoj\u0105 krew, czyni\u0105c z nich pokarm i nap&oacute;j, kt&oacute;ry ma nam towarzyszy\u0107 do ko\u0144ca \u015bwiata. Ustanawiaj\u0105c w ten spos&oacute;b sakrament Eucharystii, poleci\u0142 aposto\u0142om, by w przysz\u0142o\u015bci czynili to na Jego pami\u0105tk\u0119. T\u0105 wyj\u0105tkow\u0105 celebracj\u0105 rozpoczyna si\u0119 \u015bwi\u0119te Triduum paschalne, kt&oacute;re ja\u015bnieje jako szczyt ca\u0142ego roku liturgicznego. Z sakramentem Cia\u0142a i Krwi Pa\u0144skiej Jezus zwi\u0105za\u0142 w spos&oacute;b nierozerwalny pos\u0142ug\u0119 kap\u0142a\u0144sk\u0105. W\u0142a\u015bnie podczas Mszy Wieczerzy Pa\u0144skiej, sprawowanej wieczorem w Wielki Czwartek, Ko\u015bci&oacute;\u0142 \u015bwi\u0119tuje ustanowienie przez Jezusa tych dw&oacute;ch sakrament&oacute;w: Eucharystii i kap\u0142a\u0144stwa. Radujemy si\u0119 tego dnia z daru Mszy \u015awi\u0119tej, ale jest to tak\u017ce \u015bwi\u0119to dla ka\u017cdego ksi\u0119dza &ndash; dlatego na koniec mszy przedstawiciele parafii z\u0142o\u017cyli kap\u0142anom swoje \u017cyczenia. Trzeba jednak o kap\u0142anach pami\u0119ta\u0107 te\u017c w swoich modlitwach. Wed\u0142ug Ewangelii \u015bw. Jana, w czasie tej wieczerzy Jezus umywa\u0142 uczniom nogi, daj\u0105c im przyk\u0142ad pokory i wskazuj\u0105c, \u017ce maj\u0105 by\u0107 s\u0142ugami. Czytany w Wielki Czwartek fragment Ewangelii wed\u0142ug \u015bw. Jana zwraca nasz\u0105 uwag\u0119 na s\u0142u\u017cebn\u0105 postaw\u0119 Jezusa Chrystusa. Zanim wsp&oacute;lnie z Aposto\u0142ami zaj\u0105\u0142 miejsce przy stole, &quot;nala\u0142 wody do miednicy. I zacz\u0105\u0142 umywa\u0107 uczniom nogi i ociera\u0107 prze\u015bcierad\u0142em, kt&oacute;rym by\u0142 przepasany&quot; (J 13,5) Przez t\u0119 czynno\u015b\u0107 Jezus pokaza\u0142, \u017ce prawdziwa mi\u0142o\u015b\u0107 nie polega na wielkich s\u0142ownych deklaracjach, lecz codziennej prozaicznej s\u0142u\u017cbie bli\u017aniemu. &quot;Je\u017celi wi\u0119c Ja, Pan i Nauczyciel, umy\u0142em wam nogi, to i wy\u015bcie powinni sobie nawzajem umywa\u0107 nogi. Da\u0142em wam bowiem przyk\u0142ad, aby\u015bcie i wy tak czynili, jak Ja wam uczyni\u0142em.&quot; W naszym ko\u015bciele obrz\u0119du tego dokona\u0142 o. Robert obmywaj\u0105c stopy 12 m\u0119\u017cczyznom, kt&oacute;rych wybra\u0142 przypadkowo. Po Wieczerzy Jezus razem z aposto\u0142ami uda\u0142 si\u0119 do ogrodu Getsemani. Ewangelie opisuj\u0105 l\u0119k, jaki Jezus prze\u017cywa\u0142 przed m\u0119k\u0105 i \u015bmierci\u0105, a r&oacute;wnocze\u015bnie poddanie si\u0119 woli Ojca: &quot;Ojcze m&oacute;j, je\u015bli to mo\u017cliwe, niech mnie ominie ten kielich! Wszak\u017ce nie jak Ja chc\u0119, ale jak Ty&quot; (Mt 26,39). Po modlitwie Jezus zosta\u0142 wydany przez Judasza i aresztowany, a wszyscy aposto\u0142owie opu\u015bcili Go. W nocy w domu Kajfasza, najwy\u017cszego kap\u0142ana Wysoka Rada orzek\u0142a, \u017ce Jezus powinien by\u0107 skazany na \u015bmier\u0107.&nbsp;&nbsp;<\/span><\/span><\/p>\n<p><a class=\"cboxElement\" href=\"..\/wp-content\/uploads\/2011\/03\/Wielki-Czwartek.jpg\"><img loading=\"lazy\" decoding=\"async\" alt=\"\" class=\"alignnone size-thumbnail wp-image-1540 colorbox-237\" height=\"150\" src=\"..\/wp-content\/uploads\/2011\/03\/Wielki-Czwartek-150x150.jpg\" title=\"Wielki Czwartek\" width=\"150\" \/><\/a><a class=\"cboxElement\" href=\"..\/wp-content\/uploads\/2011\/03\/Wielki-Czwartek-2.jpg\"><img loading=\"lazy\" decoding=\"async\" alt=\"\" class=\"alignnone size-thumbnail wp-image-1541 colorbox-237\" height=\"150\" src=\"..\/wp-content\/uploads\/2011\/03\/Wielki-Czwartek-2-150x150.jpg\" title=\"Wielki Czwartek-2\" width=\"150\" \/><\/a><a class=\"cboxElement\" href=\"..\/wp-content\/uploads\/2011\/03\/Wielki-Czwartek-3.jpg\"><img loading=\"lazy\" decoding=\"async\" alt=\"\" class=\"alignnone size-thumbnail wp-image-1542 colorbox-237\" height=\"150\" src=\"..\/wp-content\/uploads\/2011\/03\/Wielki-Czwartek-3-150x150.jpg\" title=\"Wielki Czwartek-3\" width=\"150\" \/><\/a><a class=\"cboxElement\" href=\"..\/wp-content\/uploads\/2011\/03\/Wielki-Czwartek-4.jpg\"><img loading=\"lazy\" decoding=\"async\" alt=\"\" class=\"alignnone size-thumbnail wp-image-1543 colorbox-237\" height=\"150\" src=\"..\/wp-content\/uploads\/2011\/03\/Wielki-Czwartek-4-150x150.jpg\" title=\"Wielki Czwartek-4\" width=\"150\" \/><\/a><a class=\"cboxElement\" href=\"..\/wp-content\/uploads\/2011\/03\/Wielki-Czwartek-5.jpg\"><img loading=\"lazy\" decoding=\"async\" alt=\"\" class=\"alignnone size-thumbnail wp-image-1544 colorbox-237\" height=\"150\" src=\"..\/wp-content\/uploads\/2011\/03\/Wielki-Czwartek-5-150x150.jpg\" title=\"Wielki Czwartek-5\" width=\"150\" \/><\/a><a class=\"cboxElement\" href=\"..\/wp-content\/uploads\/2011\/03\/Wielki-Czwartek-6.jpg\"><img loading=\"lazy\" decoding=\"async\" alt=\"\" class=\"alignnone size-thumbnail wp-image-1545 colorbox-237\" height=\"150\" src=\"..\/wp-content\/uploads\/2011\/03\/Wielki-Czwartek-6-150x150.jpg\" title=\"Wielki Czwartek-6\" width=\"150\" \/><\/a><a class=\"cboxElement\" href=\"..\/wp-content\/uploads\/2011\/03\/Wielki-Czwartek-7.jpg\"><img loading=\"lazy\" decoding=\"async\" alt=\"\" class=\"alignnone size-thumbnail wp-image-1546 colorbox-237\" height=\"150\" src=\"..\/wp-content\/uploads\/2011\/03\/Wielki-Czwartek-7-150x150.jpg\" title=\"Wielki Czwartek-7\" width=\"150\" \/><\/a><a class=\"cboxElement\" href=\"..\/wp-content\/uploads\/2011\/03\/Wielki-Czwartek-8.jpg\"><img loading=\"lazy\" decoding=\"async\" alt=\"\" class=\"alignnone size-thumbnail wp-image-1547 colorbox-237\" height=\"150\" src=\"..\/wp-content\/uploads\/2011\/03\/Wielki-Czwartek-8-150x150.jpg\" title=\"Wielki Czwartek-8\" width=\"150\" \/><\/a><a class=\"cboxElement\" href=\"..\/wp-content\/uploads\/2011\/03\/Wielki-Czwartek-9.jpg\"><img loading=\"lazy\" decoding=\"async\" alt=\"\" class=\"alignnone size-thumbnail wp-image-1548 colorbox-237\" height=\"150\" src=\"..\/wp-content\/uploads\/2011\/03\/Wielki-Czwartek-9-150x150.jpg\" title=\"Wielki Czwartek-9\" width=\"150\" \/><\/a><a class=\"cboxElement\" href=\"..\/wp-content\/uploads\/2011\/03\/Wielki-Czwartek-10.jpg\"><img loading=\"lazy\" decoding=\"async\" alt=\"\" class=\"alignnone size-thumbnail wp-image-1549 colorbox-237\" height=\"150\" src=\"..\/wp-content\/uploads\/2011\/03\/Wielki-Czwartek-10-150x150.jpg\" title=\"Wielki Czwartek-10\" width=\"150\" \/><\/a><a class=\"cboxElement\" href=\"..\/wp-content\/uploads\/2011\/03\/Wielki-Czwartek-11.jpg\"><img loading=\"lazy\" decoding=\"async\" alt=\"\" class=\"alignnone size-thumbnail wp-image-1550 colorbox-237\" height=\"150\" src=\"..\/wp-content\/uploads\/2011\/03\/Wielki-Czwartek-11-150x150.jpg\" title=\"Wielki Czwartek-11\" width=\"150\" \/><\/a><a class=\"cboxElement\" href=\"..\/wp-content\/uploads\/2011\/03\/Wielki-Czwartek-12.jpg\"><img loading=\"lazy\" decoding=\"async\" alt=\"\" class=\"alignnone size-thumbnail wp-image-1551 colorbox-237\" height=\"150\" src=\"..\/wp-content\/uploads\/2011\/03\/Wielki-Czwartek-12-150x150.jpg\" title=\"Wielki Czwartek-12\" width=\"150\" \/><\/a><a class=\"cboxElement\" href=\"..\/wp-content\/uploads\/2011\/03\/Wielki-Czwartek-13.jpg\"><img loading=\"lazy\" decoding=\"async\" alt=\"\" class=\"alignnone size-thumbnail wp-image-1552 colorbox-237\" height=\"150\" src=\"..\/wp-content\/uploads\/2011\/03\/Wielki-Czwartek-13-150x150.jpg\" title=\"Wielki Czwartek-13\" width=\"150\" \/><\/a><a class=\"cboxElement\" href=\"..\/wp-content\/uploads\/2011\/03\/Wielki-Czwartek-14.jpg\"><img loading=\"lazy\" decoding=\"async\" alt=\"\" class=\"alignnone size-thumbnail wp-image-1553 colorbox-237\" height=\"150\" src=\"..\/wp-content\/uploads\/2011\/03\/Wielki-Czwartek-14-150x150.jpg\" title=\"Wielki Czwartek-14\" width=\"150\" \/><\/a><a class=\"cboxElement\" href=\"..\/wp-content\/uploads\/2011\/03\/Wielki-Czwartek-15.jpg\"><img loading=\"lazy\" decoding=\"async\" alt=\"\" class=\"alignnone size-thumbnail wp-image-1554 colorbox-237\" height=\"150\" src=\"..\/wp-content\/uploads\/2011\/03\/Wielki-Czwartek-15-150x150.jpg\" title=\"Wielki Czwartek-15\" width=\"150\" \/><\/a><\/p>\n","protected":false},"excerpt":{"rendered":"<p>WIELKI CZWARTEK W ko\u015bcio\u0142ach parafialnych odprawia si\u0119 w Wielki Czwartek tylko jedn\u0105 msze \u015bwi\u0119t\u0105 przez ca\u0142y dzie\u0144- Wieczerz\u0119 Pa\u0144sk\u0105. Jest ona pami\u0105tk\u0105 ostatniej wieczerzy, jak\u0105 Jezus spo\u017cy\u0142 wraz ze swymi uczniami w przeddzie\u0144 Jego m\u0119ki i \u015bmierci. Tego wieczoru bior\u0105c do r\u0105k chleb i wino przemieni\u0142 je w swoje cia\u0142o i swoj\u0105 krew, czyni\u0105c z [&hellip;]<\/p>\n","protected":false},"author":228,"featured_media":0,"parent":1597,"menu_order":1,"comment_status":"closed","ping_status":"closed","template":"onecolumn-page.php","meta":{"ngg_post_thumbnail":0,"footnotes":""},"class_list":["post-1615","page","type-page","status-publish","hentry"],"aioseo_notices":[],"_links":{"self":[{"href":"https:\/\/ateny.jezuici.pl\/index.php?rest_route=\/wp\/v2\/pages\/1615","targetHints":{"allow":["GET"]}}],"collection":[{"href":"https:\/\/ateny.jezuici.pl\/index.php?rest_route=\/wp\/v2\/pages"}],"about":[{"href":"https:\/\/ateny.jezuici.pl\/index.php?rest_route=\/wp\/v2\/types\/page"}],"author":[{"embeddable":true,"href":"https:\/\/ateny.jezuici.pl\/index.php?rest_route=\/wp\/v2\/users\/228"}],"replies":[{"embeddable":true,"href":"https:\/\/ateny.jezuici.pl\/index.php?rest_route=%2Fwp%2Fv2%2Fcomments&post=1615"}],"version-history":[{"count":0,"href":"https:\/\/ateny.jezuici.pl\/index.php?rest_route=\/wp\/v2\/pages\/1615\/revisions"}],"up":[{"embeddable":true,"href":"https:\/\/ateny.jezuici.pl\/index.php?rest_route=\/wp\/v2\/pages\/1597"}],"wp:attachment":[{"href":"https:\/\/ateny.jezuici.pl\/index.php?rest_route=%2Fwp%2Fv2%2Fmedia&parent=1615"}],"curies":[{"name":"wp","href":"https:\/\/api.w.org\/{rel}","templated":true}]}}