{"id":1609,"date":"2011-04-26T14:04:07","date_gmt":"2011-04-26T14:04:07","guid":{"rendered":"http:\/\/www.ateny.deon.pl\/?page_id=1609"},"modified":"2011-04-26T14:16:09","modified_gmt":"2011-04-26T14:16:09","slug":"wielki-piatek","status":"publish","type":"page","link":"https:\/\/ateny.jezuici.pl\/?page_id=1609","title":{"rendered":"Wielki Pi\u0105tek"},"content":{"rendered":"<p class=\"MsoNormal\" style=\"line-height: normal;\">&nbsp;<\/p>\n<h2><a href=\"https:\/\/ateny.jezuici.pl\/files\/2011\/04\/Wielki-Piatek.jpg\"><img loading=\"lazy\" decoding=\"async\" alt=\"\" class=\"alignleft size-medium wp-image-1446\" height=\"200\" src=\"https:\/\/ateny.jezuici.pl\/files\/2011\/04\/Wielki-Piatek-300x200.jpg\" title=\"Wielki Piatek\" width=\"300\" srcset=\"https:\/\/ateny.jezuici.pl\/files\/2011\/04\/Wielki-Piatek-300x200.jpg 300w, https:\/\/ateny.jezuici.pl\/files\/2011\/04\/Wielki-Piatek.jpg 1024w\" sizes=\"auto, (max-width: 300px) 100vw, 300px\" \/><\/a><span style=\"color: rgb(255, 140, 0);\"><strong><strong>WIELKI PI\u0104TEK<\/strong><\/strong><\/span><\/h2>\n<p class=\"MsoNormal\" style=\"line-height: normal;\"><span style=\"font-size: 18px;\"><span style=\"font-family: verdana,geneva,sans-serif;\"><span style=\"color: rgb(255, 140, 0);\"><strong>To dzie\u0144 m\u0119ki i \u015bmierci Chrystusa<\/strong><\/span>. Ko\u015bci&oacute;\u0142 rozmy\u015bla nad m\u0119k\u0105 swojego Pana i Oblubie\u0144ca, adoruje krzy\u017c, wstawia si\u0119 do Boga za zbawienie ca\u0142ego \u015bwiata. Wed\u0142ug dawnej tradycji Ko\u015bcio\u0142a, tego dnia nie sprawuje si\u0119 Eucharystii. Centralnym momentem dnia jest Liturgia M\u0119ki Pa\u0144skiej.<\/span><\/span><\/p>\n<p class=\"MsoNormal\" style=\"line-height: normal;\"><span style=\"font-size: 18px;\"><span style=\"font-family: verdana,geneva,sans-serif;\">Kiedy stajemy wobec Krzy\u017ca, na kt&oacute;rym Jezusa Chrystus odda\u0142 \u017cycie za zbawienie \u015bwiata, milczenie wydaje si\u0119 bardziej stosowne od s\u0142owa. Dlatego liturgia Wielkiego Pi\u0105tku jest pe\u0142na powagi, skupienia i ciszy. A swoj\u0105 pe\u0142ni\u0119 znajduje w adoracji Krzy\u017ca. Kiedy celebrans ods\u0142ania &nbsp;Krzy\u017c, Ko\u015bci&oacute;\u0142 milknie. Cisza staje si\u0119 modlitw\u0105. Przestajemy modli\u0107 si\u0119 j\u0119zykiem. Patrzymy i zaczynamy modli\u0107 si\u0119 sercem.<\/span><\/span><\/p>\n<p class=\"MsoNormal\" style=\"line-height: normal;\"><span style=\"font-size: 18px;\"><span style=\"font-family: verdana,geneva,sans-serif;\">Wszystko zacz\u0119\u0142o si\u0119 nietypowo. Ministranci i kap\u0142ani weszli w ciszy do o\u0142tarza. Nie poprzedza\u0142 ich dzwonek, nie \u015bpiewano \u017cadnej pie\u015bni. S\u0142ycha\u0107 by\u0142o tylko ich kroki. Po doj\u015bciu do o\u0142tarza kap\u0142an nic nie m&oacute;wi\u0142. Po prostu pad\u0142 na twarz. Wszyscy obecni w Ko\u015bciele ukl\u0119kli. Wobec zbawczej \u015bmierci Jezusa wszelkie s\u0142owa s\u0105 nieodpowiednie. W tej chwili cisza m&oacute;wi\u0142a znacznie wi\u0119cej. <\/span><\/span><\/p>\n<p class=\"MsoNormal\" style=\"line-height: normal;\"><span style=\"font-size: 18px;\"><span style=\"font-family: verdana,geneva,sans-serif;\">Chwil\u0119 p&oacute;\u017aniej, po kr&oacute;tkiej modlitwie rozpocz\u0119\u0142a si\u0119 Liturgia S\u0142owa. Pierwsze czytanie to tekst z Ksi\u0119gi proroka Izajasza. Kilka wiek&oacute;w przed wydarzeniami dzi\u015b wspominanymi ten prorok m&oacute;wi\u0142 o nich wskazuj\u0105c, \u017ce Mesjasz b\u0119dzie cierpia\u0142 za nasze grzechy. W drugim czytaniu, z listu do Hebrajczyk&oacute;w, jego autor przypomina nam, \u017ce naszemu Arcykap\u0142anowi znany jest nasz ludzki los, bo sam zosta\u0142 okrutnie do\u015bwiadczony. I przez to Jego pos\u0142usze\u0144stwo dokona\u0142o si\u0119 nasze zbawienie. Ewangelia natomiast -opowiadanie o m\u0119ce Pana Jezusa wed\u0142ug \u015bw. Jana &ndash; przypomnia\u0142o nam dok\u0142adnie tamte wydarzenia&hellip; Po homilii w bardzo uroczystej modlitwie wstawienniczej Ko\u015bci&oacute;\u0142 poleca Bogu siebie i ca\u0142y \u015bwiat, wyra\u017caj\u0105c w ten spos&oacute;b pragnienie samego Chrystusa: aby wszyscy byli zbawieni. <\/span><\/span><\/p>\n<p class=\"MsoNormal\" style=\"line-height: normal;\"><span style=\"font-size: 18px;\"><span style=\"font-family: verdana,geneva,sans-serif;\">Kolejn\u0105 cz\u0119\u015bci\u0105 wielkopi\u0105tkowego nabo\u017ce\u0144stwa by\u0142a adoracja krzy\u017ca. Kap\u0142an ods\u0142oni\u0142 g&oacute;rn\u0105 jego cz\u0119\u015b\u0107 i za\u015bpiewa\u0142: &quot;Oto drzewo krzy\u017ca, na kt&oacute;rym zawis\u0142o zbawienie \u015bwiata&quot;, a wszyscy odpowiedzieli: &quot;P&oacute;jd\u017amy z pok\u0142onem&quot; i upadli na kolana. Po chwili ciszy kap\u0142an ods\u0142oni\u0142 kolejn\u0105 cz\u0119\u015b\u0107 krzy\u017ca i zn&oacute;w ukaza\u0142 nam krzy\u017c na kt&oacute;rym zawis\u0142 Zbawiciel \u015bwiata. A my znowu ukl\u0119kli\u015bmy oddaj\u0105c cze\u015b\u0107 Temu, kt&oacute;ry za nas poni&oacute;s\u0142 t\u0119 straszn\u0105 i ha\u0144bi\u0105c\u0105 \u015bmier\u0107. Po chwili kap\u0142an powt&oacute;rzy\u0142 te same s\u0142owa pokazuj\u0105c nam ju\u017c ca\u0142y krzy\u017c. A my kl\u0119cz\u0105c wielbili\u015bmy naszego Zbawiciela. Ksi\u0119\u017ca, a nast\u0119pnie wszyscy wierni podeszli do krzy\u017ca, aby przez przykl\u0119kni\u0119cie i symboliczny poca\u0142unek wyrazi\u0107 osobiste przyj\u0119cie odkupienia. Ca\u0142o\u015bci towarzyszy\u0142 \u015bpiew tradycyjnych pie\u015bni.<\/span><\/span><\/p>\n<p class=\"MsoNormal\" style=\"line-height: normal;\"><span style=\"font-size: 18px;\"><span style=\"font-family: verdana,geneva,sans-serif;\">Nast\u0119pnie uroczyst\u0105 procesj\u0105 przeszli\u015bmy ulicami Aten. Nios\u0105c zapalone \u015bwiece i \u015bpiewaj\u0105c pie\u015bni wielkopostne zanurzali\u015bmy si\u0119 w tajemnicy M\u0119ki Chrystusa. Ca\u0142o\u015b\u0107 zako\u0144czy\u0142a si\u0119 z\u0142o\u017ceniem Cia\u0142a Jezusa do przygotowanego grobu.<\/span><\/span><\/p>\n","protected":false},"excerpt":{"rendered":"<p>&nbsp; WIELKI PI\u0104TEK To dzie\u0144 m\u0119ki i \u015bmierci Chrystusa. Ko\u015bci&oacute;\u0142 rozmy\u015bla nad m\u0119k\u0105 swojego Pana i Oblubie\u0144ca, adoruje krzy\u017c, wstawia si\u0119 do Boga za zbawienie ca\u0142ego \u015bwiata. Wed\u0142ug dawnej tradycji Ko\u015bcio\u0142a, tego dnia nie sprawuje si\u0119 Eucharystii. Centralnym momentem dnia jest Liturgia M\u0119ki Pa\u0144skiej. Kiedy stajemy wobec Krzy\u017ca, na kt&oacute;rym Jezusa Chrystus odda\u0142 \u017cycie za [&hellip;]<\/p>\n","protected":false},"author":228,"featured_media":0,"parent":1597,"menu_order":2,"comment_status":"closed","ping_status":"closed","template":"onecolumn-page.php","meta":{"ngg_post_thumbnail":0,"footnotes":""},"class_list":["post-1609","page","type-page","status-publish","hentry"],"aioseo_notices":[],"_links":{"self":[{"href":"https:\/\/ateny.jezuici.pl\/index.php?rest_route=\/wp\/v2\/pages\/1609","targetHints":{"allow":["GET"]}}],"collection":[{"href":"https:\/\/ateny.jezuici.pl\/index.php?rest_route=\/wp\/v2\/pages"}],"about":[{"href":"https:\/\/ateny.jezuici.pl\/index.php?rest_route=\/wp\/v2\/types\/page"}],"author":[{"embeddable":true,"href":"https:\/\/ateny.jezuici.pl\/index.php?rest_route=\/wp\/v2\/users\/228"}],"replies":[{"embeddable":true,"href":"https:\/\/ateny.jezuici.pl\/index.php?rest_route=%2Fwp%2Fv2%2Fcomments&post=1609"}],"version-history":[{"count":0,"href":"https:\/\/ateny.jezuici.pl\/index.php?rest_route=\/wp\/v2\/pages\/1609\/revisions"}],"up":[{"embeddable":true,"href":"https:\/\/ateny.jezuici.pl\/index.php?rest_route=\/wp\/v2\/pages\/1597"}],"wp:attachment":[{"href":"https:\/\/ateny.jezuici.pl\/index.php?rest_route=%2Fwp%2Fv2%2Fmedia&parent=1609"}],"curies":[{"name":"wp","href":"https:\/\/api.w.org\/{rel}","templated":true}]}}