{"id":135,"date":"2011-03-17T20:51:07","date_gmt":"2011-03-17T20:51:07","guid":{"rendered":"http:\/\/www.ateny.deon.pl\/?page_id=135"},"modified":"2024-01-15T16:03:05","modified_gmt":"2024-01-15T14:03:05","slug":"kontakt","status":"publish","type":"page","link":"https:\/\/ateny.jezuici.pl\/?page_id=135","title":{"rendered":"Kontakt"},"content":{"rendered":"<h2 style=\"text-align: center\"><span style=\"font-size: 20px\"><span style=\"font-family: verdana,geneva,sans-serif\">Rzymskokatolicka Parafia Serca Chrystusa Zbawiciela<\/span><\/span><\/h2>\n<h2 style=\"text-align: center\"><span style=\"font-size: 20px\"><span style=\"font-family: verdana,geneva,sans-serif\">Michail Voda 28,&nbsp; Smyrnis 27 <\/span><br \/>\n<\/span><\/h2>\n<h2 style=\"text-align: center\"><span style=\"font-size: 20px\"><span style=\"font-family: verdana,geneva,sans-serif\">10439 ATENY \u2013 GRECJA<\/span><\/span><\/h2>\n<p><span style=\"font-size: 18px\"><span style=\"color: #ffa500\"><strong><span style=\"font-family: verdana,geneva,sans-serif\">o. Marcin Baran SJ:&nbsp; <\/span><\/strong><\/span><\/span><span style=\"font-size: 18px\"><span style=\"color: #ffa500\"><strong><span style=\"font-family: verdana,geneva,sans-serif\">+30 697.828.6094<\/span><\/strong><\/span><\/span><\/p>\n<p><span style=\"font-size: 18px\"><span style=\"color: #ffa500\"><strong><span style=\"font-family: verdana,geneva,sans-serif\">E-mail: &nbsp;&nbsp; &nbsp;&nbsp; &nbsp;&nbsp;&nbsp; &nbsp;<\/span><\/strong><\/span><\/span><a href=\"mailto:ateny.parafia@jezuici.pl\"><span style=\"color: #ffa500\"><em><span style=\"font-size: 20px\"><strong>ateny.parafia@jezuici.pl<\/strong><\/span><\/em><\/span><\/a><\/p>\n<p style=\"text-align: left\"><span style=\"font-size: 18px\"><span style=\"color: #ffa500\"><strong><span style=\"font-family: verdana,geneva,sans-serif\">Telefon do greckiego proboszcza (o. Petros Hong SJ):<\/span><\/strong><\/span><\/span><\/p>\n<p><span style=\"font-size: 18px\"><span style=\"color: #ffa500\"><strong><span style=\"font-family: verdana,geneva,sans-serif\">&nbsp; &nbsp; &nbsp; &nbsp; &nbsp; &nbsp;&nbsp;&nbsp;&nbsp;&nbsp;&nbsp;&nbsp; +30 698.675.4333<br \/>\n<\/span><\/strong><\/span><\/span><\/p>\n<p class=\"MsoNormal\" style=\"text-align: justify\"><span style=\"font-size: 18px\"><span style=\"font-family: verdana,geneva,sans-serif\">Kancelaria parafialna czynna po Mszach \u015bw. w j\u0119zyku polskim lub po um\u00f3wieniu spotkania z o. Marcinem.<\/span><\/span><span style=\"font-size: 18px\"><span style=\"font-family: verdana,geneva,sans-serif\"><br \/>\n<\/span><\/span><\/p>\n<h2><span style=\"color: #ff0000\">W sprawie \u015bwiadectwa chrztu do \u015blubu prosz\u0119 o kontakt mailowy na adres parafii!!!<\/span><\/h2>\n<p style=\"text-align: center\"><!-- [if gte mso 9]&gt;--><\/p>\n<p><!-- [if gte mso 9]&gt;--><\/p>\n<div align=\"left\">\n<p style=\"text-align: center\"><small>Poka\u017c <a style=\"color: #ff9900;text-align: left\" href=\"https:\/\/maps.google.pl\/maps\/ms?msa=0&amp;msid=211875686259450367211.0004cbaecedb91e0593bd&amp;hl=pl&amp;ie=UTF8&amp;t=m&amp;ll=37.991698,23.726864&amp;spn=0.00761,0.017145&amp;z=16&amp;source=embed\">Ko\u015bci\u00f3\u0142 polski w Atenach<\/a> na wi\u0119kszej mapie<\/small><\/p>\n<p style=\"text-align: center\">&#8211; <strong>Najbli\u017csze przystanki metra<\/strong>,<br \/>\nto Stathmos Larisis (od zachodu)<br \/>\ni Viktoria (od wschodu).<\/p>\n<p>&#8211; <strong>Dojazd autobusami i trolejbusami<\/strong>:<br \/>\n&#8211; do ul. Acharnon: 6,&nbsp;A9, B9, \u03939<br \/>\n&#8211; do ul. Liosion:&nbsp;A10, A11, A12, B10, B11, B12, \u039310, \u039312, \u039512, \u03a712, 714, 719, 732, 024<br \/>\n&#8211; do ul. Ioulianou: B5<br \/>\n&#8211; do ul. Ipirou: \u039110, B5, \u039210, \u039310, 714<\/p>\n<\/div>\n<p style=\"text-align: center\"><!-- [if gte mso 9]&gt;--><\/p>\n<p><!-- [if gte mso 9]&gt;--><\/p>\n<div><strong><a href=\"https:\/\/ateny.jezuici.pl\/files\/2011\/03\/BrowserPreview_tmp.gif\"><img loading=\"lazy\" decoding=\"async\" class=\"alignleft size-full wp-image-152\" title=\"BrowserPreview_tmp\" src=\"https:\/\/ateny.jezuici.pl\/files\/2011\/03\/BrowserPreview_tmp.gif\" alt=\"\" width=\"511\" height=\"766\" srcset=\"https:\/\/ateny.jezuici.pl\/files\/2011\/03\/BrowserPreview_tmp.gif 511w, https:\/\/ateny.jezuici.pl\/files\/2011\/03\/BrowserPreview_tmp-200x300.gif 200w\" sizes=\"auto, (max-width: 511px) 100vw, 511px\" \/><\/a><\/strong><\/div>\n<p>&nbsp;<\/p>\n<div>&nbsp;<\/div>\n<p>&nbsp;<\/p>\n<div><strong>Jak dojecha\u0107:<\/strong><\/div>\n<div>&nbsp; &#8211; <strong>Adres<\/strong> (skrzy\u017cowanie ulic): Michail Voda 28\/Smyrnis 27 10430 Ateny &#8211; <strong>Ko\u015bci\u00f3\u0142 Chrystusa Zbawiciela <\/strong>znajduje si\u0119 w punkcie zaznaczonym na mapie <strong>czerwonym krzy\u017cem <\/strong>w kwadracie ulic: Acharnon\/Michail Voda\/Ioulianou\/Ipeirou. &#8211; <strong>Najbli\u017csze przystanki metra<\/strong>: <strong>Stathmos Larisis<\/strong> (od zachodu) kolor czerwony na mapie <strong>Viktoria<\/strong> (od wschodu) kolor zielony na mapie <strong>Metaxourgeio <\/strong>(od po\u0142udnia) kolor niebieski na mapie &nbsp; &#8211; <strong>Dojazd autobusami i trolejbusami<\/strong>: &#8211; do ul. Acharnon: 6,&nbsp;A9, B9, \u03939 &#8211; do ul. Liosion:&nbsp;A10, A11, A12, B10, B11, B12, \u039310, \u039312, \u039512, \u03a712, 714, 719, 732, 024 &#8211; do ul. Joulianou: B5 &#8211; do ul. Ipirou: \u039110, B5, \u039210, \u039310, 714<\/div>\n","protected":false},"excerpt":{"rendered":"<p>Rzymskokatolicka Parafia Serca Chrystusa Zbawiciela Michail Voda 28,&nbsp; Smyrnis 27 10439 ATENY \u2013 GRECJA o. Marcin Baran SJ:&nbsp; +30 697.828.6094 E-mail: &nbsp;&nbsp; &nbsp;&nbsp; &nbsp;&nbsp;&nbsp; &nbsp;ateny.parafia@jezuici.pl Telefon do greckiego proboszcza (o. Petros Hong SJ): &nbsp; &nbsp; &nbsp; &nbsp; &nbsp; &nbsp;&nbsp;&nbsp;&nbsp;&nbsp;&nbsp;&nbsp; +30 698.675.4333 Kancelaria parafialna czynna po Mszach \u015bw. w j\u0119zyku polskim lub po um\u00f3wieniu spotkania z [&hellip;]<\/p>\n","protected":false},"author":228,"featured_media":0,"parent":233,"menu_order":9,"comment_status":"closed","ping_status":"closed","template":"","meta":{"ngg_post_thumbnail":0,"footnotes":""},"class_list":["post-135","page","type-page","status-publish","hentry"],"aioseo_notices":[],"_links":{"self":[{"href":"https:\/\/ateny.jezuici.pl\/index.php?rest_route=\/wp\/v2\/pages\/135","targetHints":{"allow":["GET"]}}],"collection":[{"href":"https:\/\/ateny.jezuici.pl\/index.php?rest_route=\/wp\/v2\/pages"}],"about":[{"href":"https:\/\/ateny.jezuici.pl\/index.php?rest_route=\/wp\/v2\/types\/page"}],"author":[{"embeddable":true,"href":"https:\/\/ateny.jezuici.pl\/index.php?rest_route=\/wp\/v2\/users\/228"}],"replies":[{"embeddable":true,"href":"https:\/\/ateny.jezuici.pl\/index.php?rest_route=%2Fwp%2Fv2%2Fcomments&post=135"}],"version-history":[{"count":20,"href":"https:\/\/ateny.jezuici.pl\/index.php?rest_route=\/wp\/v2\/pages\/135\/revisions"}],"predecessor-version":[{"id":9485,"href":"https:\/\/ateny.jezuici.pl\/index.php?rest_route=\/wp\/v2\/pages\/135\/revisions\/9485"}],"up":[{"embeddable":true,"href":"https:\/\/ateny.jezuici.pl\/index.php?rest_route=\/wp\/v2\/pages\/233"}],"wp:attachment":[{"href":"https:\/\/ateny.jezuici.pl\/index.php?rest_route=%2Fwp%2Fv2%2Fmedia&parent=135"}],"curies":[{"name":"wp","href":"https:\/\/api.w.org\/{rel}","templated":true}]}}